{"id":2254,"date":"2024-02-01T13:20:53","date_gmt":"2024-02-01T13:20:53","guid":{"rendered":"https:\/\/homologacao.stadiebit.com.br\/telematica\/?page_id=2254"},"modified":"2024-02-01T13:36:05","modified_gmt":"2024-02-01T13:36:05","slug":"consultoria-de-seguranca","status":"publish","type":"page","link":"https:\/\/homologacao.stadiebit.com.br\/telematica\/solucoes\/servicos\/consultoria-de-seguranca\/","title":{"rendered":"Consultoria de Seguran\u00e7a"},"content":{"rendered":"\t\t<div data-elementor-type=\"wp-page\" data-elementor-id=\"2254\" class=\"elementor elementor-2254\" data-elementor-post-type=\"page\">\n\t\t\t\t<div class=\"elementor-element elementor-element-5972e362 e-flex e-con-boxed e-con e-parent\" data-id=\"5972e362\" data-element_type=\"container\">\n\t\t\t\t\t<div class=\"e-con-inner\">\n\t\t\t\t<div class=\"elementor-element elementor-element-77c703b0 elementor-widget elementor-widget-spacer\" data-id=\"77c703b0\" data-element_type=\"widget\" data-widget_type=\"spacer.default\">\n\t\t\t\t<div class=\"elementor-widget-container\">\n\t\t\t\t\t\t\t<div class=\"elementor-spacer\">\n\t\t\t<div class=\"elementor-spacer-inner\"><\/div>\n\t\t<\/div>\n\t\t\t\t\t\t<\/div>\n\t\t\t\t<\/div>\n\t\t\t\t<div class=\"elementor-element elementor-element-6028cfe9 elementor-widget elementor-widget-breadcrumbs\" data-id=\"6028cfe9\" data-element_type=\"widget\" data-widget_type=\"breadcrumbs.default\">\n\t\t\t\t<div class=\"elementor-widget-container\">\n\t\t\t\t\t<p id=\"breadcrumbs\"><span><span><a href=\"https:\/\/homologacao.stadiebit.com.br\/telematica\/\">In\u00edcio<\/a><\/span><\/span><\/p>\t\t\t\t<\/div>\n\t\t\t\t<\/div>\n\t\t\t\t<div class=\"elementor-element elementor-element-432daed8 elementor-widget-divider--view-line elementor-widget elementor-widget-divider\" data-id=\"432daed8\" data-element_type=\"widget\" data-widget_type=\"divider.default\">\n\t\t\t\t<div class=\"elementor-widget-container\">\n\t\t\t\t\t\t\t<div class=\"elementor-divider\">\n\t\t\t<span class=\"elementor-divider-separator\">\n\t\t\t\t\t\t<\/span>\n\t\t<\/div>\n\t\t\t\t\t\t<\/div>\n\t\t\t\t<\/div>\n\t\t\t\t<div class=\"elementor-element elementor-element-25999f7a elementor-widget elementor-widget-spacer\" data-id=\"25999f7a\" data-element_type=\"widget\" data-widget_type=\"spacer.default\">\n\t\t\t\t<div class=\"elementor-widget-container\">\n\t\t\t\t\t\t\t<div class=\"elementor-spacer\">\n\t\t\t<div class=\"elementor-spacer-inner\"><\/div>\n\t\t<\/div>\n\t\t\t\t\t\t<\/div>\n\t\t\t\t<\/div>\n\t\t\t\t\t<\/div>\n\t\t\t\t<\/div>\n\t\t<div class=\"elementor-element elementor-element-68753b06 e-flex e-con-boxed e-con e-parent\" data-id=\"68753b06\" data-element_type=\"container\">\n\t\t\t\t\t<div class=\"e-con-inner\">\n\t\t<div class=\"elementor-element elementor-element-f529100 e-con-full e-flex e-con e-child\" data-id=\"f529100\" data-element_type=\"container\">\n\t\t\t\t<div class=\"elementor-element elementor-element-ed4ebb7 elementor-skin-carousel elementor-arrows-yes elementor-pagination-type-bullets elementor-pagination-position-outside elementor-widget elementor-widget-media-carousel\" data-id=\"ed4ebb7\" data-element_type=\"widget\" data-settings=\"{&quot;slides_per_view&quot;:&quot;1&quot;,&quot;skin&quot;:&quot;carousel&quot;,&quot;effect&quot;:&quot;slide&quot;,&quot;show_arrows&quot;:&quot;yes&quot;,&quot;pagination&quot;:&quot;bullets&quot;,&quot;speed&quot;:500,&quot;autoplay&quot;:&quot;yes&quot;,&quot;autoplay_speed&quot;:5000,&quot;loop&quot;:&quot;yes&quot;,&quot;pause_on_hover&quot;:&quot;yes&quot;,&quot;pause_on_interaction&quot;:&quot;yes&quot;,&quot;space_between&quot;:{&quot;unit&quot;:&quot;px&quot;,&quot;size&quot;:10,&quot;sizes&quot;:[]},&quot;space_between_tablet&quot;:{&quot;unit&quot;:&quot;px&quot;,&quot;size&quot;:10,&quot;sizes&quot;:[]},&quot;space_between_mobile&quot;:{&quot;unit&quot;:&quot;px&quot;,&quot;size&quot;:10,&quot;sizes&quot;:[]}}\" data-widget_type=\"media-carousel.default\">\n\t\t\t\t<div class=\"elementor-widget-container\">\n\t\t\t\t\t\t\t\t\t<div class=\"elementor-swiper\">\n\t\t\t\t\t<div class=\"elementor-main-swiper swiper\" role=\"region\" aria-roledescription=\"carousel\" aria-label=\"Slides\">\n\t\t\t\t<div class=\"swiper-wrapper\">\n\t\t\t\t\t\t\t\t\t\t\t<div class=\"swiper-slide\" role=\"group\" aria-roledescription=\"slide\">\n\t\t\t\t\t\t\t\t\t<div class=\"elementor-carousel-image\" role=\"img\" aria-label=\"Consultoria-de-Seguran\u00e7a-horizontal\" style=\"background-image: url(&#039;https:\/\/homologacao.stadiebit.com.br\/telematica\/wp-content\/uploads\/2024\/02\/Consultoria-de-Seguranca-horizontal.webp&#039;)\">\n\n\t\t\t\n\t\t\t\t\t<\/div>\n\t\t\t\t\t\t\t\t<\/div>\n\t\t\t\t\t\t\t\t\t<\/div>\n\t\t\t\t\t\t\t<\/div>\n\t\t\t\t<\/div>\n\t\t\t\t\t\t\t\t<\/div>\n\t\t\t\t<\/div>\n\t\t\t\t<\/div>\n\t\t<div class=\"elementor-element elementor-element-677b4574 e-con-full e-flex e-con e-child\" data-id=\"677b4574\" data-element_type=\"container\">\n\t\t\t\t<div class=\"elementor-element elementor-element-4b0f9f82 elementor-widget elementor-widget-heading\" data-id=\"4b0f9f82\" data-element_type=\"widget\" data-widget_type=\"heading.default\">\n\t\t\t\t<div class=\"elementor-widget-container\">\n\t\t\t\t\t<h2 class=\"elementor-heading-title elementor-size-default\">Consultoria de Seguran\u00e7a\n<\/h2>\t\t\t\t<\/div>\n\t\t\t\t<\/div>\n\t\t\t\t<div class=\"elementor-element elementor-element-25222eaa elementor-widget elementor-widget-text-editor\" data-id=\"25222eaa\" data-element_type=\"widget\" data-widget_type=\"text-editor.default\">\n\t\t\t\t<div class=\"elementor-widget-container\">\n\t\t\t\t\t\t\t\t\t<div class=\"wpb_column vc_column_container vc_col-sm-6\"><div class=\"vc_column-inner\"><div class=\"wpb_wrapper\"><div class=\"mkd-st mkd-content-aligment-left\"><div class=\"mkd-st-inner\"><div class=\"mkd-st-text-holder\"><p id=\"custom-title-h3-3\" class=\"ui--animation \">A Telem\u00e1tica Sistemas Inteligentes oferece ao mercado profissionais qualificados para cria\u00e7\u00e3o de projetos de Seguridade. Atrav\u00e9s de visita a planta do cliente nossos consultores conseguem tra\u00e7ar a melhor estrat\u00e9gia para proporcionar as melhores solu\u00e7\u00f5es de seguran\u00e7a ao cliente e seus colaboradores.<\/p><p>\u00a0<\/p><\/div><\/div><\/div><\/div><\/div><\/div><div class=\"wpb_column vc_column_container vc_col-sm-6\"><div class=\"vc_column-inner\"><div class=\"wpb_wrapper\">\u00a0<\/div><\/div><\/div>\t\t\t\t\t\t\t\t<\/div>\n\t\t\t\t<\/div>\n\t\t\t\t<\/div>\n\t\t\t\t\t<\/div>\n\t\t\t\t<\/div>\n\t\t<div class=\"elementor-element elementor-element-671683e7 e-con-full e-flex e-con e-parent\" data-id=\"671683e7\" data-element_type=\"container\" data-settings=\"{&quot;background_background&quot;:&quot;classic&quot;}\">\n\t\t\t\t<div class=\"elementor-element elementor-element-7f05cf39 elementor-widget elementor-widget-spacer\" data-id=\"7f05cf39\" data-element_type=\"widget\" data-widget_type=\"spacer.default\">\n\t\t\t\t<div class=\"elementor-widget-container\">\n\t\t\t\t\t\t\t<div class=\"elementor-spacer\">\n\t\t\t<div class=\"elementor-spacer-inner\"><\/div>\n\t\t<\/div>\n\t\t\t\t\t\t<\/div>\n\t\t\t\t<\/div>\n\t\t\t\t<\/div>\n\t\t<div class=\"elementor-element elementor-element-1b9bd03c e-flex e-con-boxed e-con e-parent\" data-id=\"1b9bd03c\" data-element_type=\"container\">\n\t\t\t\t\t<div class=\"e-con-inner\">\n\t\t<div class=\"elementor-element elementor-element-16b14591 e-con-full e-flex e-con e-child\" data-id=\"16b14591\" data-element_type=\"container\">\n\t\t\t\t<div class=\"elementor-element elementor-element-52b97a52 elementor-widget elementor-widget-heading\" data-id=\"52b97a52\" data-element_type=\"widget\" data-widget_type=\"heading.default\">\n\t\t\t\t<div class=\"elementor-widget-container\">\n\t\t\t\t\t<h2 class=\"elementor-heading-title elementor-size-default\">Solicite o contato de um de nossos especialistas.\n<\/h2>\t\t\t\t<\/div>\n\t\t\t\t<\/div>\n\t\t\t\t<div class=\"elementor-element elementor-element-1ec7f47b elementor-widget elementor-widget-text-editor\" data-id=\"1ec7f47b\" data-element_type=\"widget\" data-widget_type=\"text-editor.default\">\n\t\t\t\t<div class=\"elementor-widget-container\">\n\t\t\t\t\t\t\t\t\tA filosofia de atua\u00e7\u00e3o dos profissionais s\u00e3o duas palavras-chave fundamentais para um atendimento eficaz e um resultado seguro: comprometimento e agilidade.\t\t\t\t\t\t\t\t<\/div>\n\t\t\t\t<\/div>\n\t\t\t\t<\/div>\n\t\t<div class=\"elementor-element elementor-element-524ee96c e-con-full e-flex e-con e-child\" data-id=\"524ee96c\" data-element_type=\"container\">\n\t\t\t\t<\/div>\n\t\t\t\t\t<\/div>\n\t\t\t\t<\/div>\n\t\t<div class=\"elementor-element elementor-element-3e8b753f e-flex e-con-boxed e-con e-parent\" data-id=\"3e8b753f\" data-element_type=\"container\">\n\t\t\t\t\t<div class=\"e-con-inner\">\n\t\t\t\t<div class=\"elementor-element elementor-element-1f9b2641 elementor-widget elementor-widget-spacer\" data-id=\"1f9b2641\" data-element_type=\"widget\" data-widget_type=\"spacer.default\">\n\t\t\t\t<div class=\"elementor-widget-container\">\n\t\t\t\t\t\t\t<div class=\"elementor-spacer\">\n\t\t\t<div class=\"elementor-spacer-inner\"><\/div>\n\t\t<\/div>\n\t\t\t\t\t\t<\/div>\n\t\t\t\t<\/div>\n\t\t\t\t\t<\/div>\n\t\t\t\t<\/div>\n\t\t\t\t<\/div>\n\t\t","protected":false},"excerpt":{"rendered":"<p>Consultoria de Seguran\u00e7a A Telem\u00e1tica Sistemas Inteligentes oferece ao mercado profissionais qualificados para cria\u00e7\u00e3o de projetos de Seguridade. Atrav\u00e9s de visita a planta do cliente nossos consultores conseguem tra\u00e7ar a melhor estrat\u00e9gia para proporcionar as melhores solu\u00e7\u00f5es de seguran\u00e7a ao cliente e seus colaboradores. \u00a0 \u00a0 Solicite o contato de um de nossos especialistas. A [&hellip;]<\/p>\n","protected":false},"author":1,"featured_media":0,"parent":1781,"menu_order":0,"comment_status":"closed","ping_status":"closed","template":"elementor_header_footer","meta":{"footnotes":""},"class_list":["post-2254","page","type-page","status-publish","hentry"],"yoast_head":"<!-- This site is optimized with the Yoast SEO plugin v25.6 - https:\/\/yoast.com\/wordpress\/plugins\/seo\/ -->\n<title>Consultoria de Seguran\u00e7a - Telem\u00e1tica Sistemas Inteligentes<\/title>\n<meta name=\"robots\" content=\"index, follow, max-snippet:-1, max-image-preview:large, max-video-preview:-1\" \/>\n<link rel=\"canonical\" href=\"https:\/\/homologacao.stadiebit.com.br\/telematica\/solucoes\/servicos\/consultoria-de-seguranca\/\" \/>\n<meta property=\"og:locale\" content=\"pt_BR\" \/>\n<meta property=\"og:type\" content=\"article\" \/>\n<meta property=\"og:title\" content=\"Consultoria de Seguran\u00e7a - Telem\u00e1tica Sistemas Inteligentes\" \/>\n<meta property=\"og:description\" content=\"Consultoria de Seguran\u00e7a A Telem\u00e1tica Sistemas Inteligentes oferece ao mercado profissionais qualificados para cria\u00e7\u00e3o de projetos de Seguridade. Atrav\u00e9s de visita a planta do cliente nossos consultores conseguem tra\u00e7ar a melhor estrat\u00e9gia para proporcionar as melhores solu\u00e7\u00f5es de seguran\u00e7a ao cliente e seus colaboradores. \u00a0 \u00a0 Solicite o contato de um de nossos especialistas. A [&hellip;]\" \/>\n<meta property=\"og:url\" content=\"https:\/\/homologacao.stadiebit.com.br\/telematica\/solucoes\/servicos\/consultoria-de-seguranca\/\" \/>\n<meta property=\"og:site_name\" content=\"Telem\u00e1tica Sistemas Inteligentes\" \/>\n<meta property=\"article:publisher\" content=\"https:\/\/www.facebook.com\/TelematicaSistemasInteligentes\/\" \/>\n<meta property=\"article:modified_time\" content=\"2024-02-01T13:36:05+00:00\" \/>\n<meta name=\"twitter:card\" content=\"summary_large_image\" \/>\n<meta name=\"twitter:site\" content=\"@Telematica_TSI\" \/>\n<meta name=\"twitter:label1\" content=\"Est. tempo de leitura\" \/>\n\t<meta name=\"twitter:data1\" content=\"1 minuto\" \/>\n<script type=\"application\/ld+json\" class=\"yoast-schema-graph\">{\"@context\":\"https:\/\/schema.org\",\"@graph\":[{\"@type\":\"WebPage\",\"@id\":\"https:\/\/homologacao.stadiebit.com.br\/telematica\/solucoes\/servicos\/consultoria-de-seguranca\/\",\"url\":\"https:\/\/homologacao.stadiebit.com.br\/telematica\/solucoes\/servicos\/consultoria-de-seguranca\/\",\"name\":\"Consultoria de Seguran\u00e7a - Telem\u00e1tica Sistemas Inteligentes\",\"isPartOf\":{\"@id\":\"https:\/\/homologacao.stadiebit.com.br\/telematica\/#website\"},\"datePublished\":\"2024-02-01T13:20:53+00:00\",\"dateModified\":\"2024-02-01T13:36:05+00:00\",\"breadcrumb\":{\"@id\":\"https:\/\/homologacao.stadiebit.com.br\/telematica\/solucoes\/servicos\/consultoria-de-seguranca\/#breadcrumb\"},\"inLanguage\":\"pt-BR\",\"potentialAction\":[{\"@type\":\"ReadAction\",\"target\":[\"https:\/\/homologacao.stadiebit.com.br\/telematica\/solucoes\/servicos\/consultoria-de-seguranca\/\"]}]},{\"@type\":\"BreadcrumbList\",\"@id\":\"https:\/\/homologacao.stadiebit.com.br\/telematica\/solucoes\/servicos\/consultoria-de-seguranca\/#breadcrumb\",\"itemListElement\":[{\"@type\":\"ListItem\",\"position\":1,\"name\":\"In\u00edcio\",\"item\":\"https:\/\/homologacao.stadiebit.com.br\/telematica\/\"},{\"@type\":\"ListItem\",\"position\":2,\"name\":\"Solu\u00e7\u00f5es\",\"item\":\"https:\/\/homologacao.stadiebit.com.br\/telematica\/solucoes\/\"},{\"@type\":\"ListItem\",\"position\":3,\"name\":\"Servi\u00e7os\",\"item\":\"https:\/\/homologacao.stadiebit.com.br\/telematica\/solucoes\/servicos\/\"},{\"@type\":\"ListItem\",\"position\":4,\"name\":\"Consultoria de Seguran\u00e7a\"}]},{\"@type\":\"WebSite\",\"@id\":\"https:\/\/homologacao.stadiebit.com.br\/telematica\/#website\",\"url\":\"https:\/\/homologacao.stadiebit.com.br\/telematica\/\",\"name\":\"Telem\u00e1tica Sistemas Inteligentes\",\"description\":\"A Telem\u00e1tica Sistemas Inteligentes oferece ao mercado profissionais qualificados para cria\u00e7\u00e3o de projetos de Seguridade.\",\"publisher\":{\"@id\":\"https:\/\/homologacao.stadiebit.com.br\/telematica\/#organization\"},\"alternateName\":\"TSI\",\"potentialAction\":[{\"@type\":\"SearchAction\",\"target\":{\"@type\":\"EntryPoint\",\"urlTemplate\":\"https:\/\/homologacao.stadiebit.com.br\/telematica\/?s={search_term_string}\"},\"query-input\":{\"@type\":\"PropertyValueSpecification\",\"valueRequired\":true,\"valueName\":\"search_term_string\"}}],\"inLanguage\":\"pt-BR\"},{\"@type\":\"Organization\",\"@id\":\"https:\/\/homologacao.stadiebit.com.br\/telematica\/#organization\",\"name\":\"Telem\u00e1tica Sistemas Inteligentes\",\"url\":\"https:\/\/homologacao.stadiebit.com.br\/telematica\/\",\"logo\":{\"@type\":\"ImageObject\",\"inLanguage\":\"pt-BR\",\"@id\":\"https:\/\/homologacao.stadiebit.com.br\/telematica\/#\/schema\/logo\/image\/\",\"url\":\"https:\/\/00r2e9.p3cdn1.secureserver.net\/wp-content\/uploads\/2024\/01\/Prancheta-1logo-instagram.png?time=1705067488\",\"contentUrl\":\"https:\/\/00r2e9.p3cdn1.secureserver.net\/wp-content\/uploads\/2024\/01\/Prancheta-1logo-instagram.png?time=1705067488\",\"width\":2309,\"height\":693,\"caption\":\"Telem\u00e1tica Sistemas Inteligentes\"},\"image\":{\"@id\":\"https:\/\/homologacao.stadiebit.com.br\/telematica\/#\/schema\/logo\/image\/\"},\"sameAs\":[\"https:\/\/www.facebook.com\/TelematicaSistemasInteligentes\/\",\"https:\/\/x.com\/Telematica_TSI\",\"https:\/\/www.linkedin.com\/company\/telem-tica-sistemas-inteligentes\/\",\"https:\/\/www.instagram.com\/telematica_tsi\/\",\"https:\/\/www.youtube.com\/channel\/UCCumE0b5kbIXt4uf9lf86IA\/videos?app=desktop\"]}]}<\/script>\n<!-- \/ Yoast SEO plugin. -->","yoast_head_json":{"title":"Consultoria de Seguran\u00e7a - Telem\u00e1tica Sistemas Inteligentes","robots":{"index":"index","follow":"follow","max-snippet":"max-snippet:-1","max-image-preview":"max-image-preview:large","max-video-preview":"max-video-preview:-1"},"canonical":"https:\/\/homologacao.stadiebit.com.br\/telematica\/solucoes\/servicos\/consultoria-de-seguranca\/","og_locale":"pt_BR","og_type":"article","og_title":"Consultoria de Seguran\u00e7a - Telem\u00e1tica Sistemas Inteligentes","og_description":"Consultoria de Seguran\u00e7a A Telem\u00e1tica Sistemas Inteligentes oferece ao mercado profissionais qualificados para cria\u00e7\u00e3o de projetos de Seguridade. Atrav\u00e9s de visita a planta do cliente nossos consultores conseguem tra\u00e7ar a melhor estrat\u00e9gia para proporcionar as melhores solu\u00e7\u00f5es de seguran\u00e7a ao cliente e seus colaboradores. \u00a0 \u00a0 Solicite o contato de um de nossos especialistas. A [&hellip;]","og_url":"https:\/\/homologacao.stadiebit.com.br\/telematica\/solucoes\/servicos\/consultoria-de-seguranca\/","og_site_name":"Telem\u00e1tica Sistemas Inteligentes","article_publisher":"https:\/\/www.facebook.com\/TelematicaSistemasInteligentes\/","article_modified_time":"2024-02-01T13:36:05+00:00","twitter_card":"summary_large_image","twitter_site":"@Telematica_TSI","twitter_misc":{"Est. tempo de leitura":"1 minuto"},"schema":{"@context":"https:\/\/schema.org","@graph":[{"@type":"WebPage","@id":"https:\/\/homologacao.stadiebit.com.br\/telematica\/solucoes\/servicos\/consultoria-de-seguranca\/","url":"https:\/\/homologacao.stadiebit.com.br\/telematica\/solucoes\/servicos\/consultoria-de-seguranca\/","name":"Consultoria de Seguran\u00e7a - Telem\u00e1tica Sistemas Inteligentes","isPartOf":{"@id":"https:\/\/homologacao.stadiebit.com.br\/telematica\/#website"},"datePublished":"2024-02-01T13:20:53+00:00","dateModified":"2024-02-01T13:36:05+00:00","breadcrumb":{"@id":"https:\/\/homologacao.stadiebit.com.br\/telematica\/solucoes\/servicos\/consultoria-de-seguranca\/#breadcrumb"},"inLanguage":"pt-BR","potentialAction":[{"@type":"ReadAction","target":["https:\/\/homologacao.stadiebit.com.br\/telematica\/solucoes\/servicos\/consultoria-de-seguranca\/"]}]},{"@type":"BreadcrumbList","@id":"https:\/\/homologacao.stadiebit.com.br\/telematica\/solucoes\/servicos\/consultoria-de-seguranca\/#breadcrumb","itemListElement":[{"@type":"ListItem","position":1,"name":"In\u00edcio","item":"https:\/\/homologacao.stadiebit.com.br\/telematica\/"},{"@type":"ListItem","position":2,"name":"Solu\u00e7\u00f5es","item":"https:\/\/homologacao.stadiebit.com.br\/telematica\/solucoes\/"},{"@type":"ListItem","position":3,"name":"Servi\u00e7os","item":"https:\/\/homologacao.stadiebit.com.br\/telematica\/solucoes\/servicos\/"},{"@type":"ListItem","position":4,"name":"Consultoria de Seguran\u00e7a"}]},{"@type":"WebSite","@id":"https:\/\/homologacao.stadiebit.com.br\/telematica\/#website","url":"https:\/\/homologacao.stadiebit.com.br\/telematica\/","name":"Telem\u00e1tica Sistemas Inteligentes","description":"A Telem\u00e1tica Sistemas Inteligentes oferece ao mercado profissionais qualificados para cria\u00e7\u00e3o de projetos de Seguridade.","publisher":{"@id":"https:\/\/homologacao.stadiebit.com.br\/telematica\/#organization"},"alternateName":"TSI","potentialAction":[{"@type":"SearchAction","target":{"@type":"EntryPoint","urlTemplate":"https:\/\/homologacao.stadiebit.com.br\/telematica\/?s={search_term_string}"},"query-input":{"@type":"PropertyValueSpecification","valueRequired":true,"valueName":"search_term_string"}}],"inLanguage":"pt-BR"},{"@type":"Organization","@id":"https:\/\/homologacao.stadiebit.com.br\/telematica\/#organization","name":"Telem\u00e1tica Sistemas Inteligentes","url":"https:\/\/homologacao.stadiebit.com.br\/telematica\/","logo":{"@type":"ImageObject","inLanguage":"pt-BR","@id":"https:\/\/homologacao.stadiebit.com.br\/telematica\/#\/schema\/logo\/image\/","url":"https:\/\/00r2e9.p3cdn1.secureserver.net\/wp-content\/uploads\/2024\/01\/Prancheta-1logo-instagram.png?time=1705067488","contentUrl":"https:\/\/00r2e9.p3cdn1.secureserver.net\/wp-content\/uploads\/2024\/01\/Prancheta-1logo-instagram.png?time=1705067488","width":2309,"height":693,"caption":"Telem\u00e1tica Sistemas Inteligentes"},"image":{"@id":"https:\/\/homologacao.stadiebit.com.br\/telematica\/#\/schema\/logo\/image\/"},"sameAs":["https:\/\/www.facebook.com\/TelematicaSistemasInteligentes\/","https:\/\/x.com\/Telematica_TSI","https:\/\/www.linkedin.com\/company\/telem-tica-sistemas-inteligentes\/","https:\/\/www.instagram.com\/telematica_tsi\/","https:\/\/www.youtube.com\/channel\/UCCumE0b5kbIXt4uf9lf86IA\/videos?app=desktop"]}]}},"_links":{"self":[{"href":"https:\/\/homologacao.stadiebit.com.br\/telematica\/wp-json\/wp\/v2\/pages\/2254","targetHints":{"allow":["GET"]}}],"collection":[{"href":"https:\/\/homologacao.stadiebit.com.br\/telematica\/wp-json\/wp\/v2\/pages"}],"about":[{"href":"https:\/\/homologacao.stadiebit.com.br\/telematica\/wp-json\/wp\/v2\/types\/page"}],"author":[{"embeddable":true,"href":"https:\/\/homologacao.stadiebit.com.br\/telematica\/wp-json\/wp\/v2\/users\/1"}],"replies":[{"embeddable":true,"href":"https:\/\/homologacao.stadiebit.com.br\/telematica\/wp-json\/wp\/v2\/comments?post=2254"}],"version-history":[{"count":0,"href":"https:\/\/homologacao.stadiebit.com.br\/telematica\/wp-json\/wp\/v2\/pages\/2254\/revisions"}],"up":[{"embeddable":true,"href":"https:\/\/homologacao.stadiebit.com.br\/telematica\/wp-json\/wp\/v2\/pages\/1781"}],"wp:attachment":[{"href":"https:\/\/homologacao.stadiebit.com.br\/telematica\/wp-json\/wp\/v2\/media?parent=2254"}],"curies":[{"name":"wp","href":"https:\/\/api.w.org\/{rel}","templated":true}]}}