{"id":2311,"date":"2024-02-01T14:54:48","date_gmt":"2024-02-01T14:54:48","guid":{"rendered":"https:\/\/homologacao.stadiebit.com.br\/telematica\/?page_id=2311"},"modified":"2024-02-01T15:05:16","modified_gmt":"2024-02-01T15:05:16","slug":"treinamentos-de-especializacao","status":"publish","type":"page","link":"https:\/\/homologacao.stadiebit.com.br\/telematica\/solucoes\/servicos\/treinamentos-de-especializacao\/","title":{"rendered":"Treinamentos de especializa\u00e7\u00e3o para centros autorizados"},"content":{"rendered":"\t\t<div data-elementor-type=\"wp-page\" data-elementor-id=\"2311\" class=\"elementor elementor-2311\" data-elementor-post-type=\"page\">\n\t\t\t\t<div class=\"elementor-element elementor-element-206e1aae e-flex e-con-boxed e-con e-parent\" data-id=\"206e1aae\" data-element_type=\"container\">\n\t\t\t\t\t<div class=\"e-con-inner\">\n\t\t\t\t<div class=\"elementor-element elementor-element-18377bf7 elementor-widget elementor-widget-spacer\" data-id=\"18377bf7\" data-element_type=\"widget\" data-widget_type=\"spacer.default\">\n\t\t\t\t<div class=\"elementor-widget-container\">\n\t\t\t\t\t\t\t<div class=\"elementor-spacer\">\n\t\t\t<div class=\"elementor-spacer-inner\"><\/div>\n\t\t<\/div>\n\t\t\t\t\t\t<\/div>\n\t\t\t\t<\/div>\n\t\t\t\t<div class=\"elementor-element elementor-element-6882e30 elementor-widget elementor-widget-breadcrumbs\" data-id=\"6882e30\" data-element_type=\"widget\" data-widget_type=\"breadcrumbs.default\">\n\t\t\t\t<div class=\"elementor-widget-container\">\n\t\t\t\t\t<p id=\"breadcrumbs\"><span><span><a href=\"https:\/\/homologacao.stadiebit.com.br\/telematica\/\">In\u00edcio<\/a><\/span><\/span><\/p>\t\t\t\t<\/div>\n\t\t\t\t<\/div>\n\t\t\t\t<div class=\"elementor-element elementor-element-239660f0 elementor-widget-divider--view-line elementor-widget elementor-widget-divider\" data-id=\"239660f0\" data-element_type=\"widget\" data-widget_type=\"divider.default\">\n\t\t\t\t<div class=\"elementor-widget-container\">\n\t\t\t\t\t\t\t<div class=\"elementor-divider\">\n\t\t\t<span class=\"elementor-divider-separator\">\n\t\t\t\t\t\t<\/span>\n\t\t<\/div>\n\t\t\t\t\t\t<\/div>\n\t\t\t\t<\/div>\n\t\t\t\t<div class=\"elementor-element elementor-element-568d6cd4 elementor-widget elementor-widget-spacer\" data-id=\"568d6cd4\" data-element_type=\"widget\" data-widget_type=\"spacer.default\">\n\t\t\t\t<div class=\"elementor-widget-container\">\n\t\t\t\t\t\t\t<div class=\"elementor-spacer\">\n\t\t\t<div class=\"elementor-spacer-inner\"><\/div>\n\t\t<\/div>\n\t\t\t\t\t\t<\/div>\n\t\t\t\t<\/div>\n\t\t\t\t\t<\/div>\n\t\t\t\t<\/div>\n\t\t<div class=\"elementor-element elementor-element-16dba5fc e-flex e-con-boxed e-con e-parent\" data-id=\"16dba5fc\" data-element_type=\"container\">\n\t\t\t\t\t<div class=\"e-con-inner\">\n\t\t<div class=\"elementor-element elementor-element-2f2084e3 e-con-full e-flex e-con e-child\" data-id=\"2f2084e3\" data-element_type=\"container\">\n\t\t\t\t<div class=\"elementor-element elementor-element-4dfea457 elementor-skin-carousel elementor-arrows-yes elementor-pagination-type-bullets elementor-pagination-position-outside elementor-widget elementor-widget-media-carousel\" data-id=\"4dfea457\" data-element_type=\"widget\" data-settings=\"{&quot;slides_per_view&quot;:&quot;1&quot;,&quot;skin&quot;:&quot;carousel&quot;,&quot;effect&quot;:&quot;slide&quot;,&quot;show_arrows&quot;:&quot;yes&quot;,&quot;pagination&quot;:&quot;bullets&quot;,&quot;speed&quot;:500,&quot;autoplay&quot;:&quot;yes&quot;,&quot;autoplay_speed&quot;:5000,&quot;loop&quot;:&quot;yes&quot;,&quot;pause_on_hover&quot;:&quot;yes&quot;,&quot;pause_on_interaction&quot;:&quot;yes&quot;,&quot;space_between&quot;:{&quot;unit&quot;:&quot;px&quot;,&quot;size&quot;:10,&quot;sizes&quot;:[]},&quot;space_between_tablet&quot;:{&quot;unit&quot;:&quot;px&quot;,&quot;size&quot;:10,&quot;sizes&quot;:[]},&quot;space_between_mobile&quot;:{&quot;unit&quot;:&quot;px&quot;,&quot;size&quot;:10,&quot;sizes&quot;:[]}}\" data-widget_type=\"media-carousel.default\">\n\t\t\t\t<div class=\"elementor-widget-container\">\n\t\t\t\t\t\t\t\t\t<div class=\"elementor-swiper\">\n\t\t\t\t\t<div class=\"elementor-main-swiper swiper\" role=\"region\" aria-roledescription=\"carousel\" aria-label=\"Slides\">\n\t\t\t\t<div class=\"swiper-wrapper\">\n\t\t\t\t\t\t\t\t\t\t\t<div class=\"swiper-slide\" role=\"group\" aria-roledescription=\"slide\">\n\t\t\t\t\t\t\t\t\t<div class=\"elementor-carousel-image\" role=\"img\" aria-label=\"img-treinamento\" style=\"background-image: url(&#039;https:\/\/homologacao.stadiebit.com.br\/telematica\/wp-content\/uploads\/2024\/02\/img-treinamento.webp&#039;)\">\n\n\t\t\t\n\t\t\t\t\t<\/div>\n\t\t\t\t\t\t\t\t<\/div>\n\t\t\t\t\t\t\t\t\t<\/div>\n\t\t\t\t\t\t\t<\/div>\n\t\t\t\t<\/div>\n\t\t\t\t\t\t\t\t<\/div>\n\t\t\t\t<\/div>\n\t\t\t\t<\/div>\n\t\t<div class=\"elementor-element elementor-element-152f27ed e-con-full e-flex e-con e-child\" data-id=\"152f27ed\" data-element_type=\"container\">\n\t\t\t\t<div class=\"elementor-element elementor-element-6c860fc1 elementor-widget elementor-widget-heading\" data-id=\"6c860fc1\" data-element_type=\"widget\" data-widget_type=\"heading.default\">\n\t\t\t\t<div class=\"elementor-widget-container\">\n\t\t\t\t\t<h2 class=\"elementor-heading-title elementor-size-default\">Treinamentos de especializa\u00e7\u00e3o <br>para centros autorizados\n<\/h2>\t\t\t\t<\/div>\n\t\t\t\t<\/div>\n\t\t\t\t<div class=\"elementor-element elementor-element-48caad4b elementor-widget elementor-widget-text-editor\" data-id=\"48caad4b\" data-element_type=\"widget\" data-widget_type=\"text-editor.default\">\n\t\t\t\t<div class=\"elementor-widget-container\">\n\t\t\t\t\t\t\t\t\t<p id=\"custom-title-h3-3\" class=\"ui--animation \">A Telem\u00e1tica Sistemas Inteligentes realiza treinamentos e capacita\u00e7\u00e3o para que seus colaboradores possam utilizar o que de melhor os produtos \/solu\u00e7\u00f5es Telem\u00e1tica oferece.<\/p>\t\t\t\t\t\t\t\t<\/div>\n\t\t\t\t<\/div>\n\t\t\t\t<\/div>\n\t\t\t\t\t<\/div>\n\t\t\t\t<\/div>\n\t\t<div class=\"elementor-element elementor-element-50d9c400 e-flex e-con-boxed e-con e-parent\" data-id=\"50d9c400\" data-element_type=\"container\" data-settings=\"{&quot;background_background&quot;:&quot;classic&quot;}\">\n\t\t\t\t\t<div class=\"e-con-inner\">\n\t\t\t\t<div class=\"elementor-element elementor-element-f0010ab e-n-tabs-mobile elementor-widget elementor-widget-n-tabs\" data-id=\"f0010ab\" data-element_type=\"widget\" data-settings=\"{&quot;tabs_justify_horizontal&quot;:&quot;stretch&quot;,&quot;horizontal_scroll&quot;:&quot;disable&quot;}\" data-widget_type=\"nested-tabs.default\">\n\t\t\t\t<div class=\"elementor-widget-container\">\n\t\t\t\t\t\t\t<div class=\"e-n-tabs\" data-widget-number=\"251662507\" aria-label=\"Abas. Abra itens com &quot;Enter&quot; ou &quot;Espa\u00e7o&quot;, feche com &quot;Escape&quot; e navegue usando as teclas de &quot;Seta&quot;.\">\n\t\t\t<div class=\"e-n-tabs-heading\" role=\"tablist\">\n\t\t\t\t\t<button id=\"e-n-tab-title-2516625071\" class=\"e-n-tab-title\" aria-selected=\"true\" data-tab-index=\"1\" role=\"tab\" tabindex=\"0\" aria-controls=\"e-n-tab-content-2516625071\" style=\"--n-tabs-title-order: 1;\">\n\t\t\t\t\t\t<span class=\"e-n-tab-title-text\">\n\t\t\t\tDownloads\t\t\t<\/span>\n\t\t<\/button>\n\t\t\t\t\t<\/div>\n\t\t\t<div class=\"e-n-tabs-content\">\n\t\t\t\t<div id=\"e-n-tab-content-2516625071\" role=\"tabpanel\" aria-labelledby=\"e-n-tab-title-2516625071\" data-tab-index=\"1\" style=\"--n-tabs-title-order: 1;\" class=\"e-active elementor-element elementor-element-50c52e89 e-con-full e-flex e-con e-child\" data-id=\"50c52e89\" data-element_type=\"container\" data-settings=\"{&quot;background_background&quot;:&quot;classic&quot;}\">\n\t\t\t\t<div class=\"elementor-element elementor-element-4f8e3b53 elementor-icon-list--layout-traditional elementor-list-item-link-full_width elementor-widget elementor-widget-icon-list\" data-id=\"4f8e3b53\" data-element_type=\"widget\" data-widget_type=\"icon-list.default\">\n\t\t\t\t<div class=\"elementor-widget-container\">\n\t\t\t\t\t\t\t<ul class=\"elementor-icon-list-items\">\n\t\t\t\t\t\t\t<li class=\"elementor-icon-list-item\">\n\t\t\t\t\t\t\t\t\t\t\t<a href=\"https:\/\/00r.2e9.myftpupload.com\/download\/2295\/?tmstv=1706798070\" target=\"_blank\">\n\n\t\t\t\t\t\t\t\t\t\t\t\t<span class=\"elementor-icon-list-icon\">\n\t\t\t\t\t\t\t<svg aria-hidden=\"true\" class=\"e-font-icon-svg e-fas-download\" viewBox=\"0 0 512 512\" xmlns=\"http:\/\/www.w3.org\/2000\/svg\"><path d=\"M216 0h80c13.3 0 24 10.7 24 24v168h87.7c17.8 0 26.7 21.5 14.1 34.1L269.7 378.3c-7.5 7.5-19.8 7.5-27.3 0L90.1 226.1c-12.6-12.6-3.7-34.1 14.1-34.1H192V24c0-13.3 10.7-24 24-24zm296 376v112c0 13.3-10.7 24-24 24H24c-13.3 0-24-10.7-24-24V376c0-13.3 10.7-24 24-24h146.7l49 49c20.1 20.1 52.5 20.1 72.6 0l49-49H488c13.3 0 24 10.7 24 24zm-124 88c0-11-9-20-20-20s-20 9-20 20 9 20 20 20 20-9 20-20zm64 0c0-11-9-20-20-20s-20 9-20 20 9 20 20 20 20-9 20-20z\"><\/path><\/svg>\t\t\t\t\t\t<\/span>\n\t\t\t\t\t\t\t\t\t\t<span class=\"elementor-icon-list-text\">Folder apresenta\u00e7\u00e3o<\/span>\n\t\t\t\t\t\t\t\t\t\t\t<\/a>\n\t\t\t\t\t\t\t\t\t<\/li>\n\t\t\t\t\t\t<\/ul>\n\t\t\t\t\t\t<\/div>\n\t\t\t\t<\/div>\n\t\t\t\t<\/div>\n\t\t\t\t\t<\/div>\n\t\t<\/div>\n\t\t\t\t\t\t<\/div>\n\t\t\t\t<\/div>\n\t\t\t\t\t<\/div>\n\t\t\t\t<\/div>\n\t\t<div class=\"elementor-element elementor-element-197573a8 e-con-full e-flex e-con e-parent\" data-id=\"197573a8\" data-element_type=\"container\" data-settings=\"{&quot;background_background&quot;:&quot;classic&quot;}\">\n\t\t\t\t<div class=\"elementor-element elementor-element-2cb61a26 elementor-widget elementor-widget-spacer\" data-id=\"2cb61a26\" data-element_type=\"widget\" data-widget_type=\"spacer.default\">\n\t\t\t\t<div class=\"elementor-widget-container\">\n\t\t\t\t\t\t\t<div class=\"elementor-spacer\">\n\t\t\t<div class=\"elementor-spacer-inner\"><\/div>\n\t\t<\/div>\n\t\t\t\t\t\t<\/div>\n\t\t\t\t<\/div>\n\t\t\t\t<\/div>\n\t\t<div class=\"elementor-element elementor-element-43f43623 e-flex e-con-boxed e-con e-parent\" data-id=\"43f43623\" data-element_type=\"container\">\n\t\t\t\t\t<div class=\"e-con-inner\">\n\t\t<div class=\"elementor-element elementor-element-626308e5 e-con-full e-flex e-con e-child\" data-id=\"626308e5\" data-element_type=\"container\">\n\t\t\t\t<div class=\"elementor-element elementor-element-1d7f53e8 elementor-widget elementor-widget-heading\" data-id=\"1d7f53e8\" data-element_type=\"widget\" data-widget_type=\"heading.default\">\n\t\t\t\t<div class=\"elementor-widget-container\">\n\t\t\t\t\t<h2 class=\"elementor-heading-title elementor-size-default\">Solicite o contato de um de nossos especialistas.\n<\/h2>\t\t\t\t<\/div>\n\t\t\t\t<\/div>\n\t\t\t\t<div class=\"elementor-element elementor-element-5fe7baf1 elementor-widget elementor-widget-text-editor\" data-id=\"5fe7baf1\" data-element_type=\"widget\" data-widget_type=\"text-editor.default\">\n\t\t\t\t<div class=\"elementor-widget-container\">\n\t\t\t\t\t\t\t\t\tA filosofia de atua\u00e7\u00e3o dos profissionais s\u00e3o duas palavras-chave fundamentais para um atendimento eficaz e um resultado seguro: comprometimento e agilidade.\t\t\t\t\t\t\t\t<\/div>\n\t\t\t\t<\/div>\n\t\t\t\t<\/div>\n\t\t<div class=\"elementor-element elementor-element-5aba5028 e-con-full e-flex e-con e-child\" data-id=\"5aba5028\" data-element_type=\"container\">\n\t\t\t\t<\/div>\n\t\t\t\t\t<\/div>\n\t\t\t\t<\/div>\n\t\t<div class=\"elementor-element elementor-element-40d5dbc3 e-flex e-con-boxed e-con e-parent\" data-id=\"40d5dbc3\" data-element_type=\"container\">\n\t\t\t\t\t<div class=\"e-con-inner\">\n\t\t\t\t<div class=\"elementor-element elementor-element-77dd9fd4 elementor-widget elementor-widget-spacer\" data-id=\"77dd9fd4\" data-element_type=\"widget\" data-widget_type=\"spacer.default\">\n\t\t\t\t<div class=\"elementor-widget-container\">\n\t\t\t\t\t\t\t<div class=\"elementor-spacer\">\n\t\t\t<div class=\"elementor-spacer-inner\"><\/div>\n\t\t<\/div>\n\t\t\t\t\t\t<\/div>\n\t\t\t\t<\/div>\n\t\t\t\t\t<\/div>\n\t\t\t\t<\/div>\n\t\t\t\t<\/div>\n\t\t","protected":false},"excerpt":{"rendered":"<p>Treinamentos de especializa\u00e7\u00e3o para centros autorizados A Telem\u00e1tica Sistemas Inteligentes realiza treinamentos e capacita\u00e7\u00e3o para que seus colaboradores possam utilizar o que de melhor os produtos \/solu\u00e7\u00f5es Telem\u00e1tica oferece. Downloads Folder apresenta\u00e7\u00e3o Folder apresenta\u00e7\u00e3o Solicite o contato de um de nossos especialistas. A filosofia de atua\u00e7\u00e3o dos profissionais s\u00e3o duas palavras-chave fundamentais para um atendimento [&hellip;]<\/p>\n","protected":false},"author":1,"featured_media":0,"parent":1781,"menu_order":0,"comment_status":"closed","ping_status":"closed","template":"elementor_header_footer","meta":{"footnotes":""},"class_list":["post-2311","page","type-page","status-publish","hentry"],"yoast_head":"<!-- This site is optimized with the Yoast SEO plugin v25.6 - https:\/\/yoast.com\/wordpress\/plugins\/seo\/ -->\n<title>Treinamentos de especializa\u00e7\u00e3o para centros autorizados - Telem\u00e1tica Sistemas Inteligentes<\/title>\n<meta name=\"robots\" content=\"index, follow, max-snippet:-1, max-image-preview:large, max-video-preview:-1\" \/>\n<link rel=\"canonical\" href=\"https:\/\/homologacao.stadiebit.com.br\/telematica\/solucoes\/servicos\/treinamentos-de-especializacao\/\" \/>\n<meta property=\"og:locale\" content=\"pt_BR\" \/>\n<meta property=\"og:type\" content=\"article\" \/>\n<meta property=\"og:title\" content=\"Treinamentos de especializa\u00e7\u00e3o para centros autorizados - Telem\u00e1tica Sistemas Inteligentes\" \/>\n<meta property=\"og:description\" content=\"Treinamentos de especializa\u00e7\u00e3o para centros autorizados A Telem\u00e1tica Sistemas Inteligentes realiza treinamentos e capacita\u00e7\u00e3o para que seus colaboradores possam utilizar o que de melhor os produtos \/solu\u00e7\u00f5es Telem\u00e1tica oferece. Downloads Folder apresenta\u00e7\u00e3o Folder apresenta\u00e7\u00e3o Solicite o contato de um de nossos especialistas. A filosofia de atua\u00e7\u00e3o dos profissionais s\u00e3o duas palavras-chave fundamentais para um atendimento [&hellip;]\" \/>\n<meta property=\"og:url\" content=\"https:\/\/homologacao.stadiebit.com.br\/telematica\/solucoes\/servicos\/treinamentos-de-especializacao\/\" \/>\n<meta property=\"og:site_name\" content=\"Telem\u00e1tica Sistemas Inteligentes\" \/>\n<meta property=\"article:publisher\" content=\"https:\/\/www.facebook.com\/TelematicaSistemasInteligentes\/\" \/>\n<meta property=\"article:modified_time\" content=\"2024-02-01T15:05:16+00:00\" \/>\n<meta name=\"twitter:card\" content=\"summary_large_image\" \/>\n<meta name=\"twitter:site\" content=\"@Telematica_TSI\" \/>\n<meta name=\"twitter:label1\" content=\"Est. tempo de leitura\" \/>\n\t<meta name=\"twitter:data1\" content=\"1 minuto\" \/>\n<script type=\"application\/ld+json\" class=\"yoast-schema-graph\">{\"@context\":\"https:\/\/schema.org\",\"@graph\":[{\"@type\":\"WebPage\",\"@id\":\"https:\/\/homologacao.stadiebit.com.br\/telematica\/solucoes\/servicos\/treinamentos-de-especializacao\/\",\"url\":\"https:\/\/homologacao.stadiebit.com.br\/telematica\/solucoes\/servicos\/treinamentos-de-especializacao\/\",\"name\":\"Treinamentos de especializa\u00e7\u00e3o para centros autorizados - Telem\u00e1tica Sistemas Inteligentes\",\"isPartOf\":{\"@id\":\"https:\/\/homologacao.stadiebit.com.br\/telematica\/#website\"},\"datePublished\":\"2024-02-01T14:54:48+00:00\",\"dateModified\":\"2024-02-01T15:05:16+00:00\",\"breadcrumb\":{\"@id\":\"https:\/\/homologacao.stadiebit.com.br\/telematica\/solucoes\/servicos\/treinamentos-de-especializacao\/#breadcrumb\"},\"inLanguage\":\"pt-BR\",\"potentialAction\":[{\"@type\":\"ReadAction\",\"target\":[\"https:\/\/homologacao.stadiebit.com.br\/telematica\/solucoes\/servicos\/treinamentos-de-especializacao\/\"]}]},{\"@type\":\"BreadcrumbList\",\"@id\":\"https:\/\/homologacao.stadiebit.com.br\/telematica\/solucoes\/servicos\/treinamentos-de-especializacao\/#breadcrumb\",\"itemListElement\":[{\"@type\":\"ListItem\",\"position\":1,\"name\":\"In\u00edcio\",\"item\":\"https:\/\/homologacao.stadiebit.com.br\/telematica\/\"},{\"@type\":\"ListItem\",\"position\":2,\"name\":\"Solu\u00e7\u00f5es\",\"item\":\"https:\/\/homologacao.stadiebit.com.br\/telematica\/solucoes\/\"},{\"@type\":\"ListItem\",\"position\":3,\"name\":\"Servi\u00e7os\",\"item\":\"https:\/\/homologacao.stadiebit.com.br\/telematica\/solucoes\/servicos\/\"},{\"@type\":\"ListItem\",\"position\":4,\"name\":\"Treinamentos de especializa\u00e7\u00e3o para centros autorizados\"}]},{\"@type\":\"WebSite\",\"@id\":\"https:\/\/homologacao.stadiebit.com.br\/telematica\/#website\",\"url\":\"https:\/\/homologacao.stadiebit.com.br\/telematica\/\",\"name\":\"Telem\u00e1tica Sistemas Inteligentes\",\"description\":\"A Telem\u00e1tica Sistemas Inteligentes oferece ao mercado profissionais qualificados para cria\u00e7\u00e3o de projetos de Seguridade.\",\"publisher\":{\"@id\":\"https:\/\/homologacao.stadiebit.com.br\/telematica\/#organization\"},\"alternateName\":\"TSI\",\"potentialAction\":[{\"@type\":\"SearchAction\",\"target\":{\"@type\":\"EntryPoint\",\"urlTemplate\":\"https:\/\/homologacao.stadiebit.com.br\/telematica\/?s={search_term_string}\"},\"query-input\":{\"@type\":\"PropertyValueSpecification\",\"valueRequired\":true,\"valueName\":\"search_term_string\"}}],\"inLanguage\":\"pt-BR\"},{\"@type\":\"Organization\",\"@id\":\"https:\/\/homologacao.stadiebit.com.br\/telematica\/#organization\",\"name\":\"Telem\u00e1tica Sistemas Inteligentes\",\"url\":\"https:\/\/homologacao.stadiebit.com.br\/telematica\/\",\"logo\":{\"@type\":\"ImageObject\",\"inLanguage\":\"pt-BR\",\"@id\":\"https:\/\/homologacao.stadiebit.com.br\/telematica\/#\/schema\/logo\/image\/\",\"url\":\"https:\/\/00r2e9.p3cdn1.secureserver.net\/wp-content\/uploads\/2024\/01\/Prancheta-1logo-instagram.png?time=1705067488\",\"contentUrl\":\"https:\/\/00r2e9.p3cdn1.secureserver.net\/wp-content\/uploads\/2024\/01\/Prancheta-1logo-instagram.png?time=1705067488\",\"width\":2309,\"height\":693,\"caption\":\"Telem\u00e1tica Sistemas Inteligentes\"},\"image\":{\"@id\":\"https:\/\/homologacao.stadiebit.com.br\/telematica\/#\/schema\/logo\/image\/\"},\"sameAs\":[\"https:\/\/www.facebook.com\/TelematicaSistemasInteligentes\/\",\"https:\/\/x.com\/Telematica_TSI\",\"https:\/\/www.linkedin.com\/company\/telem-tica-sistemas-inteligentes\/\",\"https:\/\/www.instagram.com\/telematica_tsi\/\",\"https:\/\/www.youtube.com\/channel\/UCCumE0b5kbIXt4uf9lf86IA\/videos?app=desktop\"]}]}<\/script>\n<!-- \/ Yoast SEO plugin. -->","yoast_head_json":{"title":"Treinamentos de especializa\u00e7\u00e3o para centros autorizados - Telem\u00e1tica Sistemas Inteligentes","robots":{"index":"index","follow":"follow","max-snippet":"max-snippet:-1","max-image-preview":"max-image-preview:large","max-video-preview":"max-video-preview:-1"},"canonical":"https:\/\/homologacao.stadiebit.com.br\/telematica\/solucoes\/servicos\/treinamentos-de-especializacao\/","og_locale":"pt_BR","og_type":"article","og_title":"Treinamentos de especializa\u00e7\u00e3o para centros autorizados - Telem\u00e1tica Sistemas Inteligentes","og_description":"Treinamentos de especializa\u00e7\u00e3o para centros autorizados A Telem\u00e1tica Sistemas Inteligentes realiza treinamentos e capacita\u00e7\u00e3o para que seus colaboradores possam utilizar o que de melhor os produtos \/solu\u00e7\u00f5es Telem\u00e1tica oferece. Downloads Folder apresenta\u00e7\u00e3o Folder apresenta\u00e7\u00e3o Solicite o contato de um de nossos especialistas. A filosofia de atua\u00e7\u00e3o dos profissionais s\u00e3o duas palavras-chave fundamentais para um atendimento [&hellip;]","og_url":"https:\/\/homologacao.stadiebit.com.br\/telematica\/solucoes\/servicos\/treinamentos-de-especializacao\/","og_site_name":"Telem\u00e1tica Sistemas Inteligentes","article_publisher":"https:\/\/www.facebook.com\/TelematicaSistemasInteligentes\/","article_modified_time":"2024-02-01T15:05:16+00:00","twitter_card":"summary_large_image","twitter_site":"@Telematica_TSI","twitter_misc":{"Est. tempo de leitura":"1 minuto"},"schema":{"@context":"https:\/\/schema.org","@graph":[{"@type":"WebPage","@id":"https:\/\/homologacao.stadiebit.com.br\/telematica\/solucoes\/servicos\/treinamentos-de-especializacao\/","url":"https:\/\/homologacao.stadiebit.com.br\/telematica\/solucoes\/servicos\/treinamentos-de-especializacao\/","name":"Treinamentos de especializa\u00e7\u00e3o para centros autorizados - Telem\u00e1tica Sistemas Inteligentes","isPartOf":{"@id":"https:\/\/homologacao.stadiebit.com.br\/telematica\/#website"},"datePublished":"2024-02-01T14:54:48+00:00","dateModified":"2024-02-01T15:05:16+00:00","breadcrumb":{"@id":"https:\/\/homologacao.stadiebit.com.br\/telematica\/solucoes\/servicos\/treinamentos-de-especializacao\/#breadcrumb"},"inLanguage":"pt-BR","potentialAction":[{"@type":"ReadAction","target":["https:\/\/homologacao.stadiebit.com.br\/telematica\/solucoes\/servicos\/treinamentos-de-especializacao\/"]}]},{"@type":"BreadcrumbList","@id":"https:\/\/homologacao.stadiebit.com.br\/telematica\/solucoes\/servicos\/treinamentos-de-especializacao\/#breadcrumb","itemListElement":[{"@type":"ListItem","position":1,"name":"In\u00edcio","item":"https:\/\/homologacao.stadiebit.com.br\/telematica\/"},{"@type":"ListItem","position":2,"name":"Solu\u00e7\u00f5es","item":"https:\/\/homologacao.stadiebit.com.br\/telematica\/solucoes\/"},{"@type":"ListItem","position":3,"name":"Servi\u00e7os","item":"https:\/\/homologacao.stadiebit.com.br\/telematica\/solucoes\/servicos\/"},{"@type":"ListItem","position":4,"name":"Treinamentos de especializa\u00e7\u00e3o para centros autorizados"}]},{"@type":"WebSite","@id":"https:\/\/homologacao.stadiebit.com.br\/telematica\/#website","url":"https:\/\/homologacao.stadiebit.com.br\/telematica\/","name":"Telem\u00e1tica Sistemas Inteligentes","description":"A Telem\u00e1tica Sistemas Inteligentes oferece ao mercado profissionais qualificados para cria\u00e7\u00e3o de projetos de Seguridade.","publisher":{"@id":"https:\/\/homologacao.stadiebit.com.br\/telematica\/#organization"},"alternateName":"TSI","potentialAction":[{"@type":"SearchAction","target":{"@type":"EntryPoint","urlTemplate":"https:\/\/homologacao.stadiebit.com.br\/telematica\/?s={search_term_string}"},"query-input":{"@type":"PropertyValueSpecification","valueRequired":true,"valueName":"search_term_string"}}],"inLanguage":"pt-BR"},{"@type":"Organization","@id":"https:\/\/homologacao.stadiebit.com.br\/telematica\/#organization","name":"Telem\u00e1tica Sistemas Inteligentes","url":"https:\/\/homologacao.stadiebit.com.br\/telematica\/","logo":{"@type":"ImageObject","inLanguage":"pt-BR","@id":"https:\/\/homologacao.stadiebit.com.br\/telematica\/#\/schema\/logo\/image\/","url":"https:\/\/00r2e9.p3cdn1.secureserver.net\/wp-content\/uploads\/2024\/01\/Prancheta-1logo-instagram.png?time=1705067488","contentUrl":"https:\/\/00r2e9.p3cdn1.secureserver.net\/wp-content\/uploads\/2024\/01\/Prancheta-1logo-instagram.png?time=1705067488","width":2309,"height":693,"caption":"Telem\u00e1tica Sistemas Inteligentes"},"image":{"@id":"https:\/\/homologacao.stadiebit.com.br\/telematica\/#\/schema\/logo\/image\/"},"sameAs":["https:\/\/www.facebook.com\/TelematicaSistemasInteligentes\/","https:\/\/x.com\/Telematica_TSI","https:\/\/www.linkedin.com\/company\/telem-tica-sistemas-inteligentes\/","https:\/\/www.instagram.com\/telematica_tsi\/","https:\/\/www.youtube.com\/channel\/UCCumE0b5kbIXt4uf9lf86IA\/videos?app=desktop"]}]}},"_links":{"self":[{"href":"https:\/\/homologacao.stadiebit.com.br\/telematica\/wp-json\/wp\/v2\/pages\/2311","targetHints":{"allow":["GET"]}}],"collection":[{"href":"https:\/\/homologacao.stadiebit.com.br\/telematica\/wp-json\/wp\/v2\/pages"}],"about":[{"href":"https:\/\/homologacao.stadiebit.com.br\/telematica\/wp-json\/wp\/v2\/types\/page"}],"author":[{"embeddable":true,"href":"https:\/\/homologacao.stadiebit.com.br\/telematica\/wp-json\/wp\/v2\/users\/1"}],"replies":[{"embeddable":true,"href":"https:\/\/homologacao.stadiebit.com.br\/telematica\/wp-json\/wp\/v2\/comments?post=2311"}],"version-history":[{"count":0,"href":"https:\/\/homologacao.stadiebit.com.br\/telematica\/wp-json\/wp\/v2\/pages\/2311\/revisions"}],"up":[{"embeddable":true,"href":"https:\/\/homologacao.stadiebit.com.br\/telematica\/wp-json\/wp\/v2\/pages\/1781"}],"wp:attachment":[{"href":"https:\/\/homologacao.stadiebit.com.br\/telematica\/wp-json\/wp\/v2\/media?parent=2311"}],"curies":[{"name":"wp","href":"https:\/\/api.w.org\/{rel}","templated":true}]}}