{"id":2376,"date":"2024-02-01T17:36:40","date_gmt":"2024-02-01T17:36:40","guid":{"rendered":"https:\/\/homologacao.stadiebit.com.br\/telematica\/?page_id=2376"},"modified":"2024-02-01T17:41:06","modified_gmt":"2024-02-01T17:41:06","slug":"termos-de-uso-telematica","status":"publish","type":"page","link":"https:\/\/homologacao.stadiebit.com.br\/telematica\/termos-de-uso-telematica\/","title":{"rendered":"TERMOS DE USO TELEM\u00c1TICA"},"content":{"rendered":"\t\t<div data-elementor-type=\"wp-page\" data-elementor-id=\"2376\" class=\"elementor elementor-2376\" data-elementor-post-type=\"page\">\n\t\t\t\t<div class=\"elementor-element elementor-element-6d9e8e1a e-flex e-con-boxed e-con e-parent\" data-id=\"6d9e8e1a\" data-element_type=\"container\">\n\t\t\t\t\t<div class=\"e-con-inner\">\n\t\t\t\t<div class=\"elementor-element elementor-element-16759148 elementor-widget elementor-widget-spacer\" data-id=\"16759148\" data-element_type=\"widget\" data-widget_type=\"spacer.default\">\n\t\t\t\t<div class=\"elementor-widget-container\">\n\t\t\t\t\t\t\t<div class=\"elementor-spacer\">\n\t\t\t<div class=\"elementor-spacer-inner\"><\/div>\n\t\t<\/div>\n\t\t\t\t\t\t<\/div>\n\t\t\t\t<\/div>\n\t\t\t\t<div class=\"elementor-element elementor-element-4ecaecb4 elementor-widget elementor-widget-breadcrumbs\" data-id=\"4ecaecb4\" data-element_type=\"widget\" data-widget_type=\"breadcrumbs.default\">\n\t\t\t\t<div class=\"elementor-widget-container\">\n\t\t\t\t\t<p id=\"breadcrumbs\"><span><span><a href=\"https:\/\/homologacao.stadiebit.com.br\/telematica\/\">In\u00edcio<\/a><\/span><\/span><\/p>\t\t\t\t<\/div>\n\t\t\t\t<\/div>\n\t\t\t\t<div class=\"elementor-element elementor-element-1fc51d8a elementor-widget-divider--view-line elementor-widget elementor-widget-divider\" data-id=\"1fc51d8a\" data-element_type=\"widget\" data-widget_type=\"divider.default\">\n\t\t\t\t<div class=\"elementor-widget-container\">\n\t\t\t\t\t\t\t<div class=\"elementor-divider\">\n\t\t\t<span class=\"elementor-divider-separator\">\n\t\t\t\t\t\t<\/span>\n\t\t<\/div>\n\t\t\t\t\t\t<\/div>\n\t\t\t\t<\/div>\n\t\t\t\t<div class=\"elementor-element elementor-element-37c21701 elementor-widget elementor-widget-spacer\" data-id=\"37c21701\" data-element_type=\"widget\" data-widget_type=\"spacer.default\">\n\t\t\t\t<div class=\"elementor-widget-container\">\n\t\t\t\t\t\t\t<div class=\"elementor-spacer\">\n\t\t\t<div class=\"elementor-spacer-inner\"><\/div>\n\t\t<\/div>\n\t\t\t\t\t\t<\/div>\n\t\t\t\t<\/div>\n\t\t\t\t\t<\/div>\n\t\t\t\t<\/div>\n\t\t<div class=\"elementor-element elementor-element-114f01d e-flex e-con-boxed e-con e-parent\" data-id=\"114f01d\" data-element_type=\"container\">\n\t\t\t\t\t<div class=\"e-con-inner\">\n\t\t\t\t<div class=\"elementor-element elementor-element-bd270ee elementor-widget elementor-widget-heading\" data-id=\"bd270ee\" data-element_type=\"widget\" data-widget_type=\"heading.default\">\n\t\t\t\t<div class=\"elementor-widget-container\">\n\t\t\t\t\t<h2 class=\"elementor-heading-title elementor-size-default\">1. Termos\n<\/h2>\t\t\t\t<\/div>\n\t\t\t\t<\/div>\n\t\t\t\t<div class=\"elementor-element elementor-element-bd7fc9b elementor-widget elementor-widget-text-editor\" data-id=\"bd7fc9b\" data-element_type=\"widget\" data-widget_type=\"text-editor.default\">\n\t\t\t\t<div class=\"elementor-widget-container\">\n\t\t\t\t\t\t\t\t\t<p>Ao acessar ao site\u00a0<em>Telem\u00e1tica Sistemas Inteligentes Ltda<\/em>, \u00e9 realizada a concord\u00e2ncia em cumprir os termos de servi\u00e7o, todas as leis e regulamentos aplic\u00e1veis e concorda que \u00e9 respons\u00e1vel pelo cumprimento de todas as leis locais aplic\u00e1veis. Se voc\u00ea n\u00e3o concordar com os termos, est\u00e1 proibido de usar ou acessar este site. Os materiais contidos neste site s\u00e3o protegidos pelas leis de direitos autorais e marcas comerciais aplic\u00e1veis.<\/p>\t\t\t\t\t\t\t\t<\/div>\n\t\t\t\t<\/div>\n\t\t\t\t\t<\/div>\n\t\t\t\t<\/div>\n\t\t<div class=\"elementor-element elementor-element-b68e76b e-flex e-con-boxed e-con e-parent\" data-id=\"b68e76b\" data-element_type=\"container\">\n\t\t\t\t\t<div class=\"e-con-inner\">\n\t\t\t\t<div class=\"elementor-element elementor-element-da35063 elementor-widget elementor-widget-heading\" data-id=\"da35063\" data-element_type=\"widget\" data-widget_type=\"heading.default\">\n\t\t\t\t<div class=\"elementor-widget-container\">\n\t\t\t\t\t<h2 class=\"elementor-heading-title elementor-size-default\">2. Uso de Licen\u00e7a\n<\/h2>\t\t\t\t<\/div>\n\t\t\t\t<\/div>\n\t\t\t\t<div class=\"elementor-element elementor-element-e7aee71 elementor-widget elementor-widget-text-editor\" data-id=\"e7aee71\" data-element_type=\"widget\" data-widget_type=\"text-editor.default\">\n\t\t\t\t<div class=\"elementor-widget-container\">\n\t\t\t\t\t\t\t\t\t<p>\u00c9 concedida permiss\u00e3o para baixar temporariamente uma c\u00f3pia dos materiais (informa\u00e7\u00f5es ou software) no site Telem\u00e1tica, apenas para visualiza\u00e7\u00e3o transit\u00f3ria pessoal e n\u00e3o comercial. Esta \u00e9 a concess\u00e3o de uma licen\u00e7a, n\u00e3o uma transfer\u00eancia de t\u00edtulo e, sob esta licen\u00e7a, voc\u00ea n\u00e3o pode:<br \/>1. modificar ou copiar os materiais;<br \/>2. usar os materiais para qualquer finalidade comercial ou para exibi\u00e7\u00e3o p\u00fablica (comercial ou n\u00e3o comercial);<br \/>3. tentar descompilar ou fazer engenharia reversa de qualquer software contido no site Telem\u00e1tica Sistemas Inteligentes;<br \/>4. remover quaisquer direitos autorais ou outras nota\u00e7\u00f5es de propriedade dos materiais; ou<br \/>5. transferir os materiais para outra pessoa ou \u2018espelhe\u2019 os materiais em qualquer outro servidor.<br \/>Esta licen\u00e7a ser\u00e1 automaticamente rescindida pela Telem\u00e1tica se houver viola\u00e7\u00e3o de alguma dessas restri\u00e7\u00f5es. Ao encerrar a visualiza\u00e7\u00e3o desses materiais ou ap\u00f3s o t\u00e9rmino desta licen\u00e7a, voc\u00ea deve apagar todos os materiais baixados em sua posse, seja em formato eletr\u00f4nico ou impresso.<\/p>\t\t\t\t\t\t\t\t<\/div>\n\t\t\t\t<\/div>\n\t\t\t\t\t<\/div>\n\t\t\t\t<\/div>\n\t\t<div class=\"elementor-element elementor-element-1b73134 e-flex e-con-boxed e-con e-parent\" data-id=\"1b73134\" data-element_type=\"container\">\n\t\t\t\t\t<div class=\"e-con-inner\">\n\t\t\t\t<div class=\"elementor-element elementor-element-8c3dfab elementor-widget elementor-widget-heading\" data-id=\"8c3dfab\" data-element_type=\"widget\" data-widget_type=\"heading.default\">\n\t\t\t\t<div class=\"elementor-widget-container\">\n\t\t\t\t\t<h2 class=\"elementor-heading-title elementor-size-default\">3. Isen\u00e7\u00e3o de responsabilidade\n<\/h2>\t\t\t\t<\/div>\n\t\t\t\t<\/div>\n\t\t\t\t<div class=\"elementor-element elementor-element-584b5f9 elementor-widget elementor-widget-text-editor\" data-id=\"584b5f9\" data-element_type=\"widget\" data-widget_type=\"text-editor.default\">\n\t\t\t\t<div class=\"elementor-widget-container\">\n\t\t\t\t\t\t\t\t\t<p>1. Os materiais no site da Telem\u00e1tica s\u00e3o fornecidos \u2018como est\u00e3o\u2019. E n\u00e3o \u00e9 oferecida garantias, expressas ou impl\u00edcitas, e, por este meio, isenta e nega todas as outras garantias, incluindo, sem limita\u00e7\u00e3o, garantias impl\u00edcitas ou condi\u00e7\u00f5es de comercializa\u00e7\u00e3o, adequa\u00e7\u00e3o a um fim espec\u00edfico ou n\u00e3o viola\u00e7\u00e3o de propriedade intelectual ou outra viola\u00e7\u00e3o de direitos.<br \/>2. Al\u00e9m disso, a Telem\u00e1tica n\u00e3o garante ou faz qualquer representa\u00e7\u00e3o relativa \u00e0 precis\u00e3o, aos resultados prov\u00e1veis ou \u00e0 confiabilidade do uso dos materiais em seu site ou de outra forma relacionado a esses materiais ou em sites vinculados a este site.<\/p>\t\t\t\t\t\t\t\t<\/div>\n\t\t\t\t<\/div>\n\t\t\t\t\t<\/div>\n\t\t\t\t<\/div>\n\t\t<div class=\"elementor-element elementor-element-8fea995 e-flex e-con-boxed e-con e-parent\" data-id=\"8fea995\" data-element_type=\"container\">\n\t\t\t\t\t<div class=\"e-con-inner\">\n\t\t\t\t<div class=\"elementor-element elementor-element-3c0ee65 elementor-widget elementor-widget-heading\" data-id=\"3c0ee65\" data-element_type=\"widget\" data-widget_type=\"heading.default\">\n\t\t\t\t<div class=\"elementor-widget-container\">\n\t\t\t\t\t<h2 class=\"elementor-heading-title elementor-size-default\">4. Limita\u00e7\u00f5es\n<\/h2>\t\t\t\t<\/div>\n\t\t\t\t<\/div>\n\t\t\t\t<div class=\"elementor-element elementor-element-8b317c7 elementor-widget elementor-widget-text-editor\" data-id=\"8b317c7\" data-element_type=\"widget\" data-widget_type=\"text-editor.default\">\n\t\t\t\t<div class=\"elementor-widget-container\">\n\t\t\t\t\t\t\t\t\t<p>Em nenhum caso a Telem\u00e1tica ou seus fornecedores ser\u00e3o respons\u00e1veis por quaisquer danos (incluindo, sem limita\u00e7\u00e3o, danos por perda de dados ou lucro ou devido a interrup\u00e7\u00e3o dos neg\u00f3cios) decorrentes do uso ou da incapacidade de usar os materiais pela Telem\u00e1tica ofertado. Como algumas jurisdi\u00e7\u00f5es n\u00e3o permitem limita\u00e7\u00f5es em garantias impl\u00edcitas, ou limita\u00e7\u00f5es de responsabilidade por danos consequentes ou incidentais, essas limita\u00e7\u00f5es podem n\u00e3o serem aplicadas.<\/p>\t\t\t\t\t\t\t\t<\/div>\n\t\t\t\t<\/div>\n\t\t\t\t\t<\/div>\n\t\t\t\t<\/div>\n\t\t<div class=\"elementor-element elementor-element-ec2f3e9 e-flex e-con-boxed e-con e-parent\" data-id=\"ec2f3e9\" data-element_type=\"container\">\n\t\t\t\t\t<div class=\"e-con-inner\">\n\t\t\t\t<div class=\"elementor-element elementor-element-829246f elementor-widget elementor-widget-heading\" data-id=\"829246f\" data-element_type=\"widget\" data-widget_type=\"heading.default\">\n\t\t\t\t<div class=\"elementor-widget-container\">\n\t\t\t\t\t<h2 class=\"elementor-heading-title elementor-size-default\">5. Precis\u00e3o dos materiais\n<\/h2>\t\t\t\t<\/div>\n\t\t\t\t<\/div>\n\t\t\t\t<div class=\"elementor-element elementor-element-1eccb4e elementor-widget elementor-widget-text-editor\" data-id=\"1eccb4e\" data-element_type=\"widget\" data-widget_type=\"text-editor.default\">\n\t\t\t\t<div class=\"elementor-widget-container\">\n\t\t\t\t\t\t\t\t\t<p>Os materiais exibidos no site da Telem\u00e1tica podem incluir erros t\u00e9cnicos, tipogr\u00e1ficos ou fotogr\u00e1ficos. A Telem\u00e1tica n\u00e3o garante que qualquer material em seu site seja preciso, completo ou atual. A Telem\u00e1tica pode fazer altera\u00e7\u00f5es nos materiais contidos em seu site a qualquer momento, sem aviso pr\u00e9vio, no entanto, n\u00e3o se compromete a atualizar os materiais.<\/p>\t\t\t\t\t\t\t\t<\/div>\n\t\t\t\t<\/div>\n\t\t\t\t\t<\/div>\n\t\t\t\t<\/div>\n\t\t<div class=\"elementor-element elementor-element-41d6a93 e-flex e-con-boxed e-con e-parent\" data-id=\"41d6a93\" data-element_type=\"container\">\n\t\t\t\t\t<div class=\"e-con-inner\">\n\t\t\t\t<div class=\"elementor-element elementor-element-ef3d679 elementor-widget elementor-widget-heading\" data-id=\"ef3d679\" data-element_type=\"widget\" data-widget_type=\"heading.default\">\n\t\t\t\t<div class=\"elementor-widget-container\">\n\t\t\t\t\t<h2 class=\"elementor-heading-title elementor-size-default\">6. Links\n<\/h2>\t\t\t\t<\/div>\n\t\t\t\t<\/div>\n\t\t\t\t<div class=\"elementor-element elementor-element-e022709 elementor-widget elementor-widget-text-editor\" data-id=\"e022709\" data-element_type=\"widget\" data-widget_type=\"text-editor.default\">\n\t\t\t\t<div class=\"elementor-widget-container\">\n\t\t\t\t\t\t\t\t\t<p>O Telem\u00e1tica n\u00e3o analisou todos os sites vinculados ao seu site e n\u00e3o \u00e9 respons\u00e1vel pelo conte\u00fado de nenhum site vinculado. A inclus\u00e3o de qualquer link n\u00e3o implica endosso por Telem\u00e1tica do site. O uso de qualquer site vinculado \u00e9 por conta e risco do usu\u00e1rio.<\/p>\t\t\t\t\t\t\t\t<\/div>\n\t\t\t\t<\/div>\n\t\t\t\t\t<\/div>\n\t\t\t\t<\/div>\n\t\t<div class=\"elementor-element elementor-element-ce3db6a e-flex e-con-boxed e-con e-parent\" data-id=\"ce3db6a\" data-element_type=\"container\">\n\t\t\t\t\t<div class=\"e-con-inner\">\n\t\t\t\t<div class=\"elementor-element elementor-element-9885d71 elementor-widget elementor-widget-heading\" data-id=\"9885d71\" data-element_type=\"widget\" data-widget_type=\"heading.default\">\n\t\t\t\t<div class=\"elementor-widget-container\">\n\t\t\t\t\t<h2 class=\"elementor-heading-title elementor-size-default\">Modifica\u00e7\u00f5es\n<\/h2>\t\t\t\t<\/div>\n\t\t\t\t<\/div>\n\t\t\t\t<div class=\"elementor-element elementor-element-5772bc0 elementor-widget elementor-widget-text-editor\" data-id=\"5772bc0\" data-element_type=\"widget\" data-widget_type=\"text-editor.default\">\n\t\t\t\t<div class=\"elementor-widget-container\">\n\t\t\t\t\t\t\t\t\t<p>A Telem\u00e1tica pode revisar estes termos de servi\u00e7o do site a qualquer momento, sem aviso pr\u00e9vio. Ao usar este site, voc\u00ea concorda em ficar vinculado \u00e0 vers\u00e3o atual desses termos de servi\u00e7o.<\/p>\t\t\t\t\t\t\t\t<\/div>\n\t\t\t\t<\/div>\n\t\t\t\t\t<\/div>\n\t\t\t\t<\/div>\n\t\t<div class=\"elementor-element elementor-element-cf8b6e7 e-flex e-con-boxed e-con e-parent\" data-id=\"cf8b6e7\" data-element_type=\"container\">\n\t\t\t\t\t<div class=\"e-con-inner\">\n\t\t\t\t<div class=\"elementor-element elementor-element-f64eda3 elementor-widget elementor-widget-heading\" data-id=\"f64eda3\" data-element_type=\"widget\" data-widget_type=\"heading.default\">\n\t\t\t\t<div class=\"elementor-widget-container\">\n\t\t\t\t\t<h2 class=\"elementor-heading-title elementor-size-default\">Lei aplic\u00e1vel\n<\/h2>\t\t\t\t<\/div>\n\t\t\t\t<\/div>\n\t\t\t\t<div class=\"elementor-element elementor-element-2775849 elementor-widget elementor-widget-text-editor\" data-id=\"2775849\" data-element_type=\"widget\" data-widget_type=\"text-editor.default\">\n\t\t\t\t<div class=\"elementor-widget-container\">\n\t\t\t\t\t\t\t\t\t<p>Estes termos e condi\u00e7\u00f5es s\u00e3o regidos e interpretados de acordo com as leis da Telem\u00e1tica e voc\u00ea se submete irrevogavelmente \u00e0 jurisdi\u00e7\u00e3o exclusiva dos tribunais naquele estado ou localidade.<\/p>\t\t\t\t\t\t\t\t<\/div>\n\t\t\t\t<\/div>\n\t\t\t\t\t<\/div>\n\t\t\t\t<\/div>\n\t\t\t\t<\/div>\n\t\t","protected":false},"excerpt":{"rendered":"<p>1. Termos Ao acessar ao site\u00a0Telem\u00e1tica Sistemas Inteligentes Ltda, \u00e9 realizada a concord\u00e2ncia em cumprir os termos de servi\u00e7o, todas as leis e regulamentos aplic\u00e1veis e concorda que \u00e9 respons\u00e1vel pelo cumprimento de todas as leis locais aplic\u00e1veis. Se voc\u00ea n\u00e3o concordar com os termos, est\u00e1 proibido de usar ou acessar este site. Os materiais [&hellip;]<\/p>\n","protected":false},"author":1,"featured_media":0,"parent":0,"menu_order":0,"comment_status":"closed","ping_status":"closed","template":"elementor_header_footer","meta":{"footnotes":""},"class_list":["post-2376","page","type-page","status-publish","hentry"],"yoast_head":"<!-- This site is optimized with the Yoast SEO plugin v25.6 - https:\/\/yoast.com\/wordpress\/plugins\/seo\/ -->\n<title>TERMOS DE USO TELEM\u00c1TICA - Telem\u00e1tica Sistemas Inteligentes<\/title>\n<meta name=\"robots\" content=\"index, follow, max-snippet:-1, max-image-preview:large, max-video-preview:-1\" \/>\n<link rel=\"canonical\" href=\"https:\/\/homologacao.stadiebit.com.br\/telematica\/termos-de-uso-telematica\/\" \/>\n<meta property=\"og:locale\" content=\"pt_BR\" \/>\n<meta property=\"og:type\" content=\"article\" \/>\n<meta property=\"og:title\" content=\"TERMOS DE USO TELEM\u00c1TICA - Telem\u00e1tica Sistemas Inteligentes\" \/>\n<meta property=\"og:description\" content=\"1. Termos Ao acessar ao site\u00a0Telem\u00e1tica Sistemas Inteligentes Ltda, \u00e9 realizada a concord\u00e2ncia em cumprir os termos de servi\u00e7o, todas as leis e regulamentos aplic\u00e1veis e concorda que \u00e9 respons\u00e1vel pelo cumprimento de todas as leis locais aplic\u00e1veis. Se voc\u00ea n\u00e3o concordar com os termos, est\u00e1 proibido de usar ou acessar este site. Os materiais [&hellip;]\" \/>\n<meta property=\"og:url\" content=\"https:\/\/homologacao.stadiebit.com.br\/telematica\/termos-de-uso-telematica\/\" \/>\n<meta property=\"og:site_name\" content=\"Telem\u00e1tica Sistemas Inteligentes\" \/>\n<meta property=\"article:publisher\" content=\"https:\/\/www.facebook.com\/TelematicaSistemasInteligentes\/\" \/>\n<meta property=\"article:modified_time\" content=\"2024-02-01T17:41:06+00:00\" \/>\n<meta name=\"twitter:card\" content=\"summary_large_image\" \/>\n<meta name=\"twitter:site\" content=\"@Telematica_TSI\" \/>\n<meta name=\"twitter:label1\" content=\"Est. tempo de leitura\" \/>\n\t<meta name=\"twitter:data1\" content=\"4 minutos\" \/>\n<script type=\"application\/ld+json\" class=\"yoast-schema-graph\">{\"@context\":\"https:\/\/schema.org\",\"@graph\":[{\"@type\":\"WebPage\",\"@id\":\"https:\/\/homologacao.stadiebit.com.br\/telematica\/termos-de-uso-telematica\/\",\"url\":\"https:\/\/homologacao.stadiebit.com.br\/telematica\/termos-de-uso-telematica\/\",\"name\":\"TERMOS DE USO TELEM\u00c1TICA - Telem\u00e1tica Sistemas Inteligentes\",\"isPartOf\":{\"@id\":\"https:\/\/homologacao.stadiebit.com.br\/telematica\/#website\"},\"datePublished\":\"2024-02-01T17:36:40+00:00\",\"dateModified\":\"2024-02-01T17:41:06+00:00\",\"breadcrumb\":{\"@id\":\"https:\/\/homologacao.stadiebit.com.br\/telematica\/termos-de-uso-telematica\/#breadcrumb\"},\"inLanguage\":\"pt-BR\",\"potentialAction\":[{\"@type\":\"ReadAction\",\"target\":[\"https:\/\/homologacao.stadiebit.com.br\/telematica\/termos-de-uso-telematica\/\"]}]},{\"@type\":\"BreadcrumbList\",\"@id\":\"https:\/\/homologacao.stadiebit.com.br\/telematica\/termos-de-uso-telematica\/#breadcrumb\",\"itemListElement\":[{\"@type\":\"ListItem\",\"position\":1,\"name\":\"In\u00edcio\",\"item\":\"https:\/\/homologacao.stadiebit.com.br\/telematica\/\"},{\"@type\":\"ListItem\",\"position\":2,\"name\":\"TERMOS DE USO TELEM\u00c1TICA\"}]},{\"@type\":\"WebSite\",\"@id\":\"https:\/\/homologacao.stadiebit.com.br\/telematica\/#website\",\"url\":\"https:\/\/homologacao.stadiebit.com.br\/telematica\/\",\"name\":\"Telem\u00e1tica Sistemas Inteligentes\",\"description\":\"A Telem\u00e1tica Sistemas Inteligentes oferece ao mercado profissionais qualificados para cria\u00e7\u00e3o de projetos de Seguridade.\",\"publisher\":{\"@id\":\"https:\/\/homologacao.stadiebit.com.br\/telematica\/#organization\"},\"alternateName\":\"TSI\",\"potentialAction\":[{\"@type\":\"SearchAction\",\"target\":{\"@type\":\"EntryPoint\",\"urlTemplate\":\"https:\/\/homologacao.stadiebit.com.br\/telematica\/?s={search_term_string}\"},\"query-input\":{\"@type\":\"PropertyValueSpecification\",\"valueRequired\":true,\"valueName\":\"search_term_string\"}}],\"inLanguage\":\"pt-BR\"},{\"@type\":\"Organization\",\"@id\":\"https:\/\/homologacao.stadiebit.com.br\/telematica\/#organization\",\"name\":\"Telem\u00e1tica Sistemas Inteligentes\",\"url\":\"https:\/\/homologacao.stadiebit.com.br\/telematica\/\",\"logo\":{\"@type\":\"ImageObject\",\"inLanguage\":\"pt-BR\",\"@id\":\"https:\/\/homologacao.stadiebit.com.br\/telematica\/#\/schema\/logo\/image\/\",\"url\":\"https:\/\/00r2e9.p3cdn1.secureserver.net\/wp-content\/uploads\/2024\/01\/Prancheta-1logo-instagram.png?time=1705067488\",\"contentUrl\":\"https:\/\/00r2e9.p3cdn1.secureserver.net\/wp-content\/uploads\/2024\/01\/Prancheta-1logo-instagram.png?time=1705067488\",\"width\":2309,\"height\":693,\"caption\":\"Telem\u00e1tica Sistemas Inteligentes\"},\"image\":{\"@id\":\"https:\/\/homologacao.stadiebit.com.br\/telematica\/#\/schema\/logo\/image\/\"},\"sameAs\":[\"https:\/\/www.facebook.com\/TelematicaSistemasInteligentes\/\",\"https:\/\/x.com\/Telematica_TSI\",\"https:\/\/www.linkedin.com\/company\/telem-tica-sistemas-inteligentes\/\",\"https:\/\/www.instagram.com\/telematica_tsi\/\",\"https:\/\/www.youtube.com\/channel\/UCCumE0b5kbIXt4uf9lf86IA\/videos?app=desktop\"]}]}<\/script>\n<!-- \/ Yoast SEO plugin. -->","yoast_head_json":{"title":"TERMOS DE USO TELEM\u00c1TICA - Telem\u00e1tica Sistemas Inteligentes","robots":{"index":"index","follow":"follow","max-snippet":"max-snippet:-1","max-image-preview":"max-image-preview:large","max-video-preview":"max-video-preview:-1"},"canonical":"https:\/\/homologacao.stadiebit.com.br\/telematica\/termos-de-uso-telematica\/","og_locale":"pt_BR","og_type":"article","og_title":"TERMOS DE USO TELEM\u00c1TICA - Telem\u00e1tica Sistemas Inteligentes","og_description":"1. Termos Ao acessar ao site\u00a0Telem\u00e1tica Sistemas Inteligentes Ltda, \u00e9 realizada a concord\u00e2ncia em cumprir os termos de servi\u00e7o, todas as leis e regulamentos aplic\u00e1veis e concorda que \u00e9 respons\u00e1vel pelo cumprimento de todas as leis locais aplic\u00e1veis. Se voc\u00ea n\u00e3o concordar com os termos, est\u00e1 proibido de usar ou acessar este site. Os materiais [&hellip;]","og_url":"https:\/\/homologacao.stadiebit.com.br\/telematica\/termos-de-uso-telematica\/","og_site_name":"Telem\u00e1tica Sistemas Inteligentes","article_publisher":"https:\/\/www.facebook.com\/TelematicaSistemasInteligentes\/","article_modified_time":"2024-02-01T17:41:06+00:00","twitter_card":"summary_large_image","twitter_site":"@Telematica_TSI","twitter_misc":{"Est. tempo de leitura":"4 minutos"},"schema":{"@context":"https:\/\/schema.org","@graph":[{"@type":"WebPage","@id":"https:\/\/homologacao.stadiebit.com.br\/telematica\/termos-de-uso-telematica\/","url":"https:\/\/homologacao.stadiebit.com.br\/telematica\/termos-de-uso-telematica\/","name":"TERMOS DE USO TELEM\u00c1TICA - Telem\u00e1tica Sistemas Inteligentes","isPartOf":{"@id":"https:\/\/homologacao.stadiebit.com.br\/telematica\/#website"},"datePublished":"2024-02-01T17:36:40+00:00","dateModified":"2024-02-01T17:41:06+00:00","breadcrumb":{"@id":"https:\/\/homologacao.stadiebit.com.br\/telematica\/termos-de-uso-telematica\/#breadcrumb"},"inLanguage":"pt-BR","potentialAction":[{"@type":"ReadAction","target":["https:\/\/homologacao.stadiebit.com.br\/telematica\/termos-de-uso-telematica\/"]}]},{"@type":"BreadcrumbList","@id":"https:\/\/homologacao.stadiebit.com.br\/telematica\/termos-de-uso-telematica\/#breadcrumb","itemListElement":[{"@type":"ListItem","position":1,"name":"In\u00edcio","item":"https:\/\/homologacao.stadiebit.com.br\/telematica\/"},{"@type":"ListItem","position":2,"name":"TERMOS DE USO TELEM\u00c1TICA"}]},{"@type":"WebSite","@id":"https:\/\/homologacao.stadiebit.com.br\/telematica\/#website","url":"https:\/\/homologacao.stadiebit.com.br\/telematica\/","name":"Telem\u00e1tica Sistemas Inteligentes","description":"A Telem\u00e1tica Sistemas Inteligentes oferece ao mercado profissionais qualificados para cria\u00e7\u00e3o de projetos de Seguridade.","publisher":{"@id":"https:\/\/homologacao.stadiebit.com.br\/telematica\/#organization"},"alternateName":"TSI","potentialAction":[{"@type":"SearchAction","target":{"@type":"EntryPoint","urlTemplate":"https:\/\/homologacao.stadiebit.com.br\/telematica\/?s={search_term_string}"},"query-input":{"@type":"PropertyValueSpecification","valueRequired":true,"valueName":"search_term_string"}}],"inLanguage":"pt-BR"},{"@type":"Organization","@id":"https:\/\/homologacao.stadiebit.com.br\/telematica\/#organization","name":"Telem\u00e1tica Sistemas Inteligentes","url":"https:\/\/homologacao.stadiebit.com.br\/telematica\/","logo":{"@type":"ImageObject","inLanguage":"pt-BR","@id":"https:\/\/homologacao.stadiebit.com.br\/telematica\/#\/schema\/logo\/image\/","url":"https:\/\/00r2e9.p3cdn1.secureserver.net\/wp-content\/uploads\/2024\/01\/Prancheta-1logo-instagram.png?time=1705067488","contentUrl":"https:\/\/00r2e9.p3cdn1.secureserver.net\/wp-content\/uploads\/2024\/01\/Prancheta-1logo-instagram.png?time=1705067488","width":2309,"height":693,"caption":"Telem\u00e1tica Sistemas Inteligentes"},"image":{"@id":"https:\/\/homologacao.stadiebit.com.br\/telematica\/#\/schema\/logo\/image\/"},"sameAs":["https:\/\/www.facebook.com\/TelematicaSistemasInteligentes\/","https:\/\/x.com\/Telematica_TSI","https:\/\/www.linkedin.com\/company\/telem-tica-sistemas-inteligentes\/","https:\/\/www.instagram.com\/telematica_tsi\/","https:\/\/www.youtube.com\/channel\/UCCumE0b5kbIXt4uf9lf86IA\/videos?app=desktop"]}]}},"_links":{"self":[{"href":"https:\/\/homologacao.stadiebit.com.br\/telematica\/wp-json\/wp\/v2\/pages\/2376","targetHints":{"allow":["GET"]}}],"collection":[{"href":"https:\/\/homologacao.stadiebit.com.br\/telematica\/wp-json\/wp\/v2\/pages"}],"about":[{"href":"https:\/\/homologacao.stadiebit.com.br\/telematica\/wp-json\/wp\/v2\/types\/page"}],"author":[{"embeddable":true,"href":"https:\/\/homologacao.stadiebit.com.br\/telematica\/wp-json\/wp\/v2\/users\/1"}],"replies":[{"embeddable":true,"href":"https:\/\/homologacao.stadiebit.com.br\/telematica\/wp-json\/wp\/v2\/comments?post=2376"}],"version-history":[{"count":0,"href":"https:\/\/homologacao.stadiebit.com.br\/telematica\/wp-json\/wp\/v2\/pages\/2376\/revisions"}],"wp:attachment":[{"href":"https:\/\/homologacao.stadiebit.com.br\/telematica\/wp-json\/wp\/v2\/media?parent=2376"}],"curies":[{"name":"wp","href":"https:\/\/api.w.org\/{rel}","templated":true}]}}