{"id":2393,"date":"2024-02-01T19:26:37","date_gmt":"2024-02-01T19:26:37","guid":{"rendered":"https:\/\/homologacao.stadiebit.com.br\/telematica\/?page_id=2393"},"modified":"2024-02-08T12:47:38","modified_gmt":"2024-02-08T12:47:38","slug":"bndes","status":"publish","type":"page","link":"https:\/\/homologacao.stadiebit.com.br\/telematica\/bndes\/","title":{"rendered":"BNDES"},"content":{"rendered":"\t\t<div data-elementor-type=\"wp-page\" data-elementor-id=\"2393\" class=\"elementor elementor-2393\" data-elementor-post-type=\"page\">\n\t\t\t\t<div class=\"elementor-element elementor-element-41acf2ec e-flex e-con-boxed e-con e-parent\" data-id=\"41acf2ec\" data-element_type=\"container\">\n\t\t\t\t\t<div class=\"e-con-inner\">\n\t\t\t\t<div class=\"elementor-element elementor-element-3a3d14f1 elementor-widget elementor-widget-spacer\" data-id=\"3a3d14f1\" data-element_type=\"widget\" data-widget_type=\"spacer.default\">\n\t\t\t\t<div class=\"elementor-widget-container\">\n\t\t\t\t\t\t\t<div class=\"elementor-spacer\">\n\t\t\t<div class=\"elementor-spacer-inner\"><\/div>\n\t\t<\/div>\n\t\t\t\t\t\t<\/div>\n\t\t\t\t<\/div>\n\t\t\t\t<div class=\"elementor-element elementor-element-646ef2d3 elementor-widget elementor-widget-breadcrumbs\" data-id=\"646ef2d3\" data-element_type=\"widget\" data-widget_type=\"breadcrumbs.default\">\n\t\t\t\t<div class=\"elementor-widget-container\">\n\t\t\t\t\t<p id=\"breadcrumbs\"><span><span><a href=\"https:\/\/homologacao.stadiebit.com.br\/telematica\/\">In\u00edcio<\/a><\/span><\/span><\/p>\t\t\t\t<\/div>\n\t\t\t\t<\/div>\n\t\t\t\t<div class=\"elementor-element elementor-element-282a1349 elementor-widget-divider--view-line elementor-widget elementor-widget-divider\" data-id=\"282a1349\" data-element_type=\"widget\" data-widget_type=\"divider.default\">\n\t\t\t\t<div class=\"elementor-widget-container\">\n\t\t\t\t\t\t\t<div class=\"elementor-divider\">\n\t\t\t<span class=\"elementor-divider-separator\">\n\t\t\t\t\t\t<\/span>\n\t\t<\/div>\n\t\t\t\t\t\t<\/div>\n\t\t\t\t<\/div>\n\t\t\t\t<div class=\"elementor-element elementor-element-530f5413 elementor-widget elementor-widget-spacer\" data-id=\"530f5413\" data-element_type=\"widget\" data-widget_type=\"spacer.default\">\n\t\t\t\t<div class=\"elementor-widget-container\">\n\t\t\t\t\t\t\t<div class=\"elementor-spacer\">\n\t\t\t<div class=\"elementor-spacer-inner\"><\/div>\n\t\t<\/div>\n\t\t\t\t\t\t<\/div>\n\t\t\t\t<\/div>\n\t\t\t\t<div class=\"elementor-element elementor-element-f3e2cbb elementor-widget elementor-widget-heading\" data-id=\"f3e2cbb\" data-element_type=\"widget\" data-widget_type=\"heading.default\">\n\t\t\t\t<div class=\"elementor-widget-container\">\n\t\t\t\t\t<h2 class=\"elementor-heading-title elementor-size-default\">BNDES<\/h2>\t\t\t\t<\/div>\n\t\t\t\t<\/div>\n\t\t\t\t<div class=\"elementor-element elementor-element-6bb1dcd elementor-widget elementor-widget-text-editor\" data-id=\"6bb1dcd\" data-element_type=\"widget\" data-widget_type=\"text-editor.default\">\n\t\t\t\t<div class=\"elementor-widget-container\">\n\t\t\t\t\t\t\t\t\t<div class=\"ui--animation\"><p><strong>O cart\u00e3o BNDES oferece as vantagens:<\/strong><\/p><ul class=\"ui--list list-font-icon parent-3\"><li class=\"child-1 total-5 ui--animation\"><i class=\"list-icon 14px fontawesome-ok\"><\/i>Cr\u00e9dito rotativo e pr\u00e9-aprovado;<\/li><li class=\"child-2 total-5 ui--animation\"><i class=\"list-icon 14px fontawesome-ok\"><\/i>Limite de cr\u00e9dito de at\u00e9 R$ 1 milh\u00e3o, por Cart\u00e3o BNDES, por banco emissor;<\/li><li class=\"child-3 total-5 ui--animation\"><i class=\"list-icon 14px fontawesome-ok\"><\/i>Prazo de pagamento de at\u00e9 48 meses, com presta\u00e7\u00f5es fixas e iguais;<\/li><li class=\"child-4 total-5 ui--animation\"><i class=\"list-icon 14px fontawesome-ok\"><\/i>Isento da cobran\u00e7a de anuidade;<\/li><li class=\"child-5 total-5 ui--animation\"><i class=\"list-icon 14px fontawesome-ok\"><\/i>Taxa de juros atrativos (1% a.m. em junho\/2011).<\/li><\/ul><\/div><div class=\"auto-format ui--animation\"><p>As micros, pequenas e m\u00e9dias empresas nacionais (empresas cujo faturamento bruto anual seja de at\u00e9 R$ 90 milh\u00f5es), que exer\u00e7am atividades econ\u00f4micas apoiadas pelo BNDES e que estejam em dia com o INSS, FGTS, RAIS e tributos federais poder\u00e3o obter o cart\u00e3o BNDES.<\/p><p>Basta entrar endere\u00e7o:\u00a0<strong>www.cartaobndes.gov.br<\/strong>, clicar em \u201cSolicite seu Cart\u00e3o BNDES\u201d e seguir as instru\u00e7\u00f5es fornecidas pelo Portal de Opera\u00e7\u00f5es do Cart\u00e3o BNDES.<\/p><p>A empresa poder\u00e1 solicitar o Cart\u00e3o BNDES enquanto providencia a abertura da conta corrente, que ser\u00e1 necess\u00e1ria, pois a defini\u00e7\u00e3o do limite, a concess\u00e3o do cr\u00e9dito e a cobran\u00e7a s\u00e3o de responsabilidade do banco emissor do Cart\u00e3o BNDES.<\/p><p>Os bancos que emitem hoje o cart\u00e3o BNDES s\u00e3o: Banco do Brasil, Bradesco, Caixa Econ\u00f4mica Federal, Banrisul e Ita\u00fa. \u00c9 poss\u00edvel solicitar um Cart\u00e3o BNDES em cada banco emissor e somar seus limites para realizar compras.<\/p><p>O Cart\u00e3o BNDES pode ser utilizado para adquirir os mais de 150 mil itens de variados setores, expostos no Portal de Opera\u00e7\u00f5es do Cart\u00e3o BNDES pelos fornecedores credenciados, que v\u00e3o desde computadores, m\u00f3veis e utens\u00edlios at\u00e9 motos e caminh\u00f5es.<\/p><p>Mas voc\u00ea, cliente Telem\u00e1tica, pode adquirir os melhores produtos de controle de acesso ou ponto eletr\u00f4nico do mercado, em\u00a0<strong>www.cartaobndes.gov.br<\/strong>\u00a0clicando em \u201cBusca de Produtos\u201d, e digitando a palavra \u201cSeguridade\u201d, visualizando assim nossos produtos, conforme tabela abaixo:<\/p><\/div>\t\t\t\t\t\t\t\t<\/div>\n\t\t\t\t<\/div>\n\t\t\t\t\t<\/div>\n\t\t\t\t<\/div>\n\t\t\t\t<\/div>\n\t\t","protected":false},"excerpt":{"rendered":"<p>BNDES O cart\u00e3o BNDES oferece as vantagens: Cr\u00e9dito rotativo e pr\u00e9-aprovado; Limite de cr\u00e9dito de at\u00e9 R$ 1 milh\u00e3o, por Cart\u00e3o BNDES, por banco emissor; Prazo de pagamento de at\u00e9 48 meses, com presta\u00e7\u00f5es fixas e iguais; Isento da cobran\u00e7a de anuidade; Taxa de juros atrativos (1% a.m. em junho\/2011). As micros, pequenas e m\u00e9dias [&hellip;]<\/p>\n","protected":false},"author":1,"featured_media":0,"parent":0,"menu_order":0,"comment_status":"closed","ping_status":"closed","template":"elementor_header_footer","meta":{"footnotes":""},"class_list":["post-2393","page","type-page","status-publish","hentry"],"yoast_head":"<!-- This site is optimized with the Yoast SEO plugin v25.6 - https:\/\/yoast.com\/wordpress\/plugins\/seo\/ -->\n<title>BNDES - Telem\u00e1tica Sistemas Inteligentes<\/title>\n<meta name=\"description\" content=\"As micros, pequenas e m\u00e9dias empresas nacionais que exer\u00e7am atividades econ\u00f4micas apoiadas pelo BNDES poder\u00e3o obter o cart\u00e3o BNDES.\" \/>\n<meta name=\"robots\" content=\"index, follow, max-snippet:-1, max-image-preview:large, max-video-preview:-1\" \/>\n<link rel=\"canonical\" href=\"https:\/\/homologacao.stadiebit.com.br\/telematica\/bndes\/\" \/>\n<meta property=\"og:locale\" content=\"pt_BR\" \/>\n<meta property=\"og:type\" content=\"article\" \/>\n<meta property=\"og:title\" content=\"BNDES - Telem\u00e1tica Sistemas Inteligentes\" \/>\n<meta property=\"og:description\" content=\"As micros, pequenas e m\u00e9dias empresas nacionais que exer\u00e7am atividades econ\u00f4micas apoiadas pelo BNDES poder\u00e3o obter o cart\u00e3o BNDES.\" \/>\n<meta property=\"og:url\" content=\"https:\/\/homologacao.stadiebit.com.br\/telematica\/bndes\/\" \/>\n<meta property=\"og:site_name\" content=\"Telem\u00e1tica Sistemas Inteligentes\" \/>\n<meta property=\"article:publisher\" content=\"https:\/\/www.facebook.com\/TelematicaSistemasInteligentes\/\" \/>\n<meta property=\"article:modified_time\" content=\"2024-02-08T12:47:38+00:00\" \/>\n<meta name=\"twitter:card\" content=\"summary_large_image\" \/>\n<meta name=\"twitter:site\" content=\"@Telematica_TSI\" \/>\n<meta name=\"twitter:label1\" content=\"Est. tempo de leitura\" \/>\n\t<meta name=\"twitter:data1\" content=\"2 minutos\" \/>\n<script type=\"application\/ld+json\" class=\"yoast-schema-graph\">{\"@context\":\"https:\/\/schema.org\",\"@graph\":[{\"@type\":\"WebPage\",\"@id\":\"https:\/\/homologacao.stadiebit.com.br\/telematica\/bndes\/\",\"url\":\"https:\/\/homologacao.stadiebit.com.br\/telematica\/bndes\/\",\"name\":\"BNDES - Telem\u00e1tica Sistemas Inteligentes\",\"isPartOf\":{\"@id\":\"https:\/\/homologacao.stadiebit.com.br\/telematica\/#website\"},\"datePublished\":\"2024-02-01T19:26:37+00:00\",\"dateModified\":\"2024-02-08T12:47:38+00:00\",\"description\":\"As micros, pequenas e m\u00e9dias empresas nacionais que exer\u00e7am atividades econ\u00f4micas apoiadas pelo BNDES poder\u00e3o obter o cart\u00e3o BNDES.\",\"breadcrumb\":{\"@id\":\"https:\/\/homologacao.stadiebit.com.br\/telematica\/bndes\/#breadcrumb\"},\"inLanguage\":\"pt-BR\",\"potentialAction\":[{\"@type\":\"ReadAction\",\"target\":[\"https:\/\/homologacao.stadiebit.com.br\/telematica\/bndes\/\"]}]},{\"@type\":\"BreadcrumbList\",\"@id\":\"https:\/\/homologacao.stadiebit.com.br\/telematica\/bndes\/#breadcrumb\",\"itemListElement\":[{\"@type\":\"ListItem\",\"position\":1,\"name\":\"In\u00edcio\",\"item\":\"https:\/\/homologacao.stadiebit.com.br\/telematica\/\"},{\"@type\":\"ListItem\",\"position\":2,\"name\":\"BNDES\"}]},{\"@type\":\"WebSite\",\"@id\":\"https:\/\/homologacao.stadiebit.com.br\/telematica\/#website\",\"url\":\"https:\/\/homologacao.stadiebit.com.br\/telematica\/\",\"name\":\"Telem\u00e1tica Sistemas Inteligentes\",\"description\":\"A Telem\u00e1tica Sistemas Inteligentes oferece ao mercado profissionais qualificados para cria\u00e7\u00e3o de projetos de Seguridade.\",\"publisher\":{\"@id\":\"https:\/\/homologacao.stadiebit.com.br\/telematica\/#organization\"},\"alternateName\":\"TSI\",\"potentialAction\":[{\"@type\":\"SearchAction\",\"target\":{\"@type\":\"EntryPoint\",\"urlTemplate\":\"https:\/\/homologacao.stadiebit.com.br\/telematica\/?s={search_term_string}\"},\"query-input\":{\"@type\":\"PropertyValueSpecification\",\"valueRequired\":true,\"valueName\":\"search_term_string\"}}],\"inLanguage\":\"pt-BR\"},{\"@type\":\"Organization\",\"@id\":\"https:\/\/homologacao.stadiebit.com.br\/telematica\/#organization\",\"name\":\"Telem\u00e1tica Sistemas Inteligentes\",\"url\":\"https:\/\/homologacao.stadiebit.com.br\/telematica\/\",\"logo\":{\"@type\":\"ImageObject\",\"inLanguage\":\"pt-BR\",\"@id\":\"https:\/\/homologacao.stadiebit.com.br\/telematica\/#\/schema\/logo\/image\/\",\"url\":\"https:\/\/00r2e9.p3cdn1.secureserver.net\/wp-content\/uploads\/2024\/01\/Prancheta-1logo-instagram.png?time=1705067488\",\"contentUrl\":\"https:\/\/00r2e9.p3cdn1.secureserver.net\/wp-content\/uploads\/2024\/01\/Prancheta-1logo-instagram.png?time=1705067488\",\"width\":2309,\"height\":693,\"caption\":\"Telem\u00e1tica Sistemas Inteligentes\"},\"image\":{\"@id\":\"https:\/\/homologacao.stadiebit.com.br\/telematica\/#\/schema\/logo\/image\/\"},\"sameAs\":[\"https:\/\/www.facebook.com\/TelematicaSistemasInteligentes\/\",\"https:\/\/x.com\/Telematica_TSI\",\"https:\/\/www.linkedin.com\/company\/telem-tica-sistemas-inteligentes\/\",\"https:\/\/www.instagram.com\/telematica_tsi\/\",\"https:\/\/www.youtube.com\/channel\/UCCumE0b5kbIXt4uf9lf86IA\/videos?app=desktop\"]}]}<\/script>\n<!-- \/ Yoast SEO plugin. -->","yoast_head_json":{"title":"BNDES - Telem\u00e1tica Sistemas Inteligentes","description":"As micros, pequenas e m\u00e9dias empresas nacionais que exer\u00e7am atividades econ\u00f4micas apoiadas pelo BNDES poder\u00e3o obter o cart\u00e3o BNDES.","robots":{"index":"index","follow":"follow","max-snippet":"max-snippet:-1","max-image-preview":"max-image-preview:large","max-video-preview":"max-video-preview:-1"},"canonical":"https:\/\/homologacao.stadiebit.com.br\/telematica\/bndes\/","og_locale":"pt_BR","og_type":"article","og_title":"BNDES - Telem\u00e1tica Sistemas Inteligentes","og_description":"As micros, pequenas e m\u00e9dias empresas nacionais que exer\u00e7am atividades econ\u00f4micas apoiadas pelo BNDES poder\u00e3o obter o cart\u00e3o BNDES.","og_url":"https:\/\/homologacao.stadiebit.com.br\/telematica\/bndes\/","og_site_name":"Telem\u00e1tica Sistemas Inteligentes","article_publisher":"https:\/\/www.facebook.com\/TelematicaSistemasInteligentes\/","article_modified_time":"2024-02-08T12:47:38+00:00","twitter_card":"summary_large_image","twitter_site":"@Telematica_TSI","twitter_misc":{"Est. tempo de leitura":"2 minutos"},"schema":{"@context":"https:\/\/schema.org","@graph":[{"@type":"WebPage","@id":"https:\/\/homologacao.stadiebit.com.br\/telematica\/bndes\/","url":"https:\/\/homologacao.stadiebit.com.br\/telematica\/bndes\/","name":"BNDES - Telem\u00e1tica Sistemas Inteligentes","isPartOf":{"@id":"https:\/\/homologacao.stadiebit.com.br\/telematica\/#website"},"datePublished":"2024-02-01T19:26:37+00:00","dateModified":"2024-02-08T12:47:38+00:00","description":"As micros, pequenas e m\u00e9dias empresas nacionais que exer\u00e7am atividades econ\u00f4micas apoiadas pelo BNDES poder\u00e3o obter o cart\u00e3o BNDES.","breadcrumb":{"@id":"https:\/\/homologacao.stadiebit.com.br\/telematica\/bndes\/#breadcrumb"},"inLanguage":"pt-BR","potentialAction":[{"@type":"ReadAction","target":["https:\/\/homologacao.stadiebit.com.br\/telematica\/bndes\/"]}]},{"@type":"BreadcrumbList","@id":"https:\/\/homologacao.stadiebit.com.br\/telematica\/bndes\/#breadcrumb","itemListElement":[{"@type":"ListItem","position":1,"name":"In\u00edcio","item":"https:\/\/homologacao.stadiebit.com.br\/telematica\/"},{"@type":"ListItem","position":2,"name":"BNDES"}]},{"@type":"WebSite","@id":"https:\/\/homologacao.stadiebit.com.br\/telematica\/#website","url":"https:\/\/homologacao.stadiebit.com.br\/telematica\/","name":"Telem\u00e1tica Sistemas Inteligentes","description":"A Telem\u00e1tica Sistemas Inteligentes oferece ao mercado profissionais qualificados para cria\u00e7\u00e3o de projetos de Seguridade.","publisher":{"@id":"https:\/\/homologacao.stadiebit.com.br\/telematica\/#organization"},"alternateName":"TSI","potentialAction":[{"@type":"SearchAction","target":{"@type":"EntryPoint","urlTemplate":"https:\/\/homologacao.stadiebit.com.br\/telematica\/?s={search_term_string}"},"query-input":{"@type":"PropertyValueSpecification","valueRequired":true,"valueName":"search_term_string"}}],"inLanguage":"pt-BR"},{"@type":"Organization","@id":"https:\/\/homologacao.stadiebit.com.br\/telematica\/#organization","name":"Telem\u00e1tica Sistemas Inteligentes","url":"https:\/\/homologacao.stadiebit.com.br\/telematica\/","logo":{"@type":"ImageObject","inLanguage":"pt-BR","@id":"https:\/\/homologacao.stadiebit.com.br\/telematica\/#\/schema\/logo\/image\/","url":"https:\/\/00r2e9.p3cdn1.secureserver.net\/wp-content\/uploads\/2024\/01\/Prancheta-1logo-instagram.png?time=1705067488","contentUrl":"https:\/\/00r2e9.p3cdn1.secureserver.net\/wp-content\/uploads\/2024\/01\/Prancheta-1logo-instagram.png?time=1705067488","width":2309,"height":693,"caption":"Telem\u00e1tica Sistemas Inteligentes"},"image":{"@id":"https:\/\/homologacao.stadiebit.com.br\/telematica\/#\/schema\/logo\/image\/"},"sameAs":["https:\/\/www.facebook.com\/TelematicaSistemasInteligentes\/","https:\/\/x.com\/Telematica_TSI","https:\/\/www.linkedin.com\/company\/telem-tica-sistemas-inteligentes\/","https:\/\/www.instagram.com\/telematica_tsi\/","https:\/\/www.youtube.com\/channel\/UCCumE0b5kbIXt4uf9lf86IA\/videos?app=desktop"]}]}},"_links":{"self":[{"href":"https:\/\/homologacao.stadiebit.com.br\/telematica\/wp-json\/wp\/v2\/pages\/2393","targetHints":{"allow":["GET"]}}],"collection":[{"href":"https:\/\/homologacao.stadiebit.com.br\/telematica\/wp-json\/wp\/v2\/pages"}],"about":[{"href":"https:\/\/homologacao.stadiebit.com.br\/telematica\/wp-json\/wp\/v2\/types\/page"}],"author":[{"embeddable":true,"href":"https:\/\/homologacao.stadiebit.com.br\/telematica\/wp-json\/wp\/v2\/users\/1"}],"replies":[{"embeddable":true,"href":"https:\/\/homologacao.stadiebit.com.br\/telematica\/wp-json\/wp\/v2\/comments?post=2393"}],"version-history":[{"count":0,"href":"https:\/\/homologacao.stadiebit.com.br\/telematica\/wp-json\/wp\/v2\/pages\/2393\/revisions"}],"wp:attachment":[{"href":"https:\/\/homologacao.stadiebit.com.br\/telematica\/wp-json\/wp\/v2\/media?parent=2393"}],"curies":[{"name":"wp","href":"https:\/\/api.w.org\/{rel}","templated":true}]}}