{"id":2431,"date":"2024-02-01T21:12:53","date_gmt":"2024-02-01T21:12:53","guid":{"rendered":"https:\/\/homologacao.stadiebit.com.br\/telematica\/?page_id=2431"},"modified":"2024-02-08T13:15:46","modified_gmt":"2024-02-08T13:15:46","slug":"finame","status":"publish","type":"page","link":"https:\/\/homologacao.stadiebit.com.br\/telematica\/finame\/","title":{"rendered":"FINAME"},"content":{"rendered":"\t\t<div data-elementor-type=\"wp-page\" data-elementor-id=\"2431\" class=\"elementor elementor-2431\" data-elementor-post-type=\"page\">\n\t\t\t\t<div class=\"elementor-element elementor-element-34cef0a9 e-flex e-con-boxed e-con e-parent\" data-id=\"34cef0a9\" data-element_type=\"container\">\n\t\t\t\t\t<div class=\"e-con-inner\">\n\t\t\t\t<div class=\"elementor-element elementor-element-660b2ac elementor-widget elementor-widget-spacer\" data-id=\"660b2ac\" data-element_type=\"widget\" data-widget_type=\"spacer.default\">\n\t\t\t\t<div class=\"elementor-widget-container\">\n\t\t\t\t\t\t\t<div class=\"elementor-spacer\">\n\t\t\t<div class=\"elementor-spacer-inner\"><\/div>\n\t\t<\/div>\n\t\t\t\t\t\t<\/div>\n\t\t\t\t<\/div>\n\t\t\t\t<div class=\"elementor-element elementor-element-95849c5 elementor-widget elementor-widget-breadcrumbs\" data-id=\"95849c5\" data-element_type=\"widget\" data-widget_type=\"breadcrumbs.default\">\n\t\t\t\t<div class=\"elementor-widget-container\">\n\t\t\t\t\t<p id=\"breadcrumbs\"><span><span><a href=\"https:\/\/homologacao.stadiebit.com.br\/telematica\/\">In\u00edcio<\/a><\/span><\/span><\/p>\t\t\t\t<\/div>\n\t\t\t\t<\/div>\n\t\t\t\t<div class=\"elementor-element elementor-element-3e0d085 elementor-widget-divider--view-line elementor-widget elementor-widget-divider\" data-id=\"3e0d085\" data-element_type=\"widget\" data-widget_type=\"divider.default\">\n\t\t\t\t<div class=\"elementor-widget-container\">\n\t\t\t\t\t\t\t<div class=\"elementor-divider\">\n\t\t\t<span class=\"elementor-divider-separator\">\n\t\t\t\t\t\t<\/span>\n\t\t<\/div>\n\t\t\t\t\t\t<\/div>\n\t\t\t\t<\/div>\n\t\t\t\t<div class=\"elementor-element elementor-element-bc442ab elementor-widget elementor-widget-spacer\" data-id=\"bc442ab\" data-element_type=\"widget\" data-widget_type=\"spacer.default\">\n\t\t\t\t<div class=\"elementor-widget-container\">\n\t\t\t\t\t\t\t<div class=\"elementor-spacer\">\n\t\t\t<div class=\"elementor-spacer-inner\"><\/div>\n\t\t<\/div>\n\t\t\t\t\t\t<\/div>\n\t\t\t\t<\/div>\n\t\t\t\t<div class=\"elementor-element elementor-element-ae4c5a4 elementor-widget elementor-widget-heading\" data-id=\"ae4c5a4\" data-element_type=\"widget\" data-widget_type=\"heading.default\">\n\t\t\t\t<div class=\"elementor-widget-container\">\n\t\t\t\t\t<h2 class=\"elementor-heading-title elementor-size-default\">FINAME<\/h2>\t\t\t\t<\/div>\n\t\t\t\t<\/div>\n\t\t\t\t<div class=\"elementor-element elementor-element-4840b67 elementor-widget elementor-widget-text-editor\" data-id=\"4840b67\" data-element_type=\"widget\" data-widget_type=\"text-editor.default\">\n\t\t\t\t<div class=\"elementor-widget-container\">\n\t\t\t\t\t\t\t\t\t<p><strong>\u00c9 o financiamento, por interm\u00e9dio de institui\u00e7\u00f5es financeiras credenciadas, para produ\u00e7\u00e3o e aquisi\u00e7\u00e3o de m\u00e1quinas e equipamentos novos, de fabrica\u00e7\u00e3o nacional, credenciados no BNDES.<\/strong><\/p><p>O Finame \u00e9 um produto BNDES e divide-se em Linhas de Financiamento, com objetivos e condi\u00e7\u00f5es financeiras espec\u00edficas, para melhor atender as demandas dos clientes, de acordo com a empresa benefici\u00e1ria e os itens financi\u00e1veis.<br \/>As linhas de financiamento que atendem os produtos Telem\u00e1tica s\u00e3o:<\/p><p>FIN \u2013 Linhas BK, Produtos Finame e Finame Leasing para Ind\u00fastria, Comercio e Servi\u00e7os (Finamiz\u00e1vel);<br \/>FINMAQ \u2013 Programa Finame Modermaq (Finamiz\u00e1vel);<br \/>A taxa de juros aplicada nos financiamentos \u00e9 a somat\u00f3ria de Custo Financeiro + Remunera\u00e7\u00e3o B\u00e1sica do BNDES + Taxa de Intermedia\u00e7\u00e3o Financeira + Remunera\u00e7\u00e3o da Institui\u00e7\u00e3o Financeira Credenciada.<\/p><ul><li>Custo Financeiro: TJLP;<b><br \/><\/b><\/li><li>Remunera\u00e7\u00e3o B\u00e1sica do BNDES: 0,9% a.a;<\/li><li>Taxa de Intermedia\u00e7\u00e3o Financeira: 0.5% a.a;<\/li><li>Remunera\u00e7\u00e3o da Institui\u00e7\u00e3o Financeira Credenciada: a ser negociada entre a institui\u00e7\u00e3o financeira credenciada e o cliente;<\/li><\/ul><p>Os prazos de car\u00eancia e de amortiza\u00e7\u00e3o dever\u00e3o ser definidos em fun\u00e7\u00e3o da capacidade de pagamento da Benefici\u00e1ria e do grupo econ\u00f4mico ao qual perten\u00e7a, respeitado o prazo total m\u00e1ximo de 60 (sessenta) meses.<\/p><p><strong>Rela\u00e7\u00e3o de Institui\u00e7\u00f5es Financeiras Habilitadas \u2013 BNDES FGI:<\/strong><\/p><ul><li>AgeRio \u2013 Ag\u00eancia de Fomento do Estado do Rio de Janeiro (antiga Investe Rio)<\/li><li>Badesc \u2013 Ag\u00eancia de Fomento do Estado de Santa Catarina S.A.<\/li><li>Badesul (antiga Caixa RS)<\/li><li>Banco ABC Brasil S\/A<\/li><li>Banco Bradesco S.A.<\/li><li>Banco BS2 S.A.<\/li><li>Banco CNH Industrial Capital S.A.<\/li><li>Banco Cooperativo Sicredi S.A.<\/li><li>Banco Daycoval S.A.<\/li><li>Banco de Desenvolvimento do Esp\u00edrito Santo S.A \u2013 Bandes<\/li><li>Banco de Desenvolvimento de Minas Gerais S.A. \u2013 BDMG<\/li><li>Banco do Brasil S.A.<\/li><li>Banco do Estado do Rio Grande do Sul S.A. \u2013 Banrisul<\/li><li>Banco Industrial do Brasil<\/li><li>Banco Inter<\/li><li>Banco Mercedes-Benz do Brasil S.A.<\/li><li>Banco Moneo S.A.<\/li><li>Banco OMNI S.A.<\/li><li>Banco Pine S.A.<\/li><li>Banco Regional de Desenvolvimento do Extremo Sul \u2013 BRDE<\/li><li>Banco Rodobens S.A.<\/li><li>Banco Santander S.A.<\/li><li>Banco Sofisa S.A.<\/li><li>Banco Volvo (Brasil) S.A.<\/li><li>Caixa Econ\u00f4mica Federal<\/li><li>Caruana S.A.<\/li><li>Desenvolve SP \u2013 Ag\u00eancia de Fomento do Estado de S\u00e3o Paulo (antiga Nossa Caixa Desenvolvimento)<\/li><li>Fomento Paran\u00e1 \u2013 Ag\u00eancia de Fomento do Paran\u00e1 S.A.<\/li><li>Goi\u00e1s Fomento \u2013 Ag\u00eancia de Fomento de Goi\u00e1s<\/li><li>Scania Banco S.A.<\/li><\/ul><p><strong>Demais institui\u00e7\u00f5es financeiras cotistas<\/strong><\/p><ul><li>Banco BTG Pactual S.A<\/li><li>Banco do Nordeste do Brasil S.A.<\/li><li>Banco Fidis S.A.<\/li><li>Banco J. Safra S.A.- Safra<\/li><li>Ita\u00fa Unibanco S.A.<\/li><li>MT Fomento \u2013 Ag\u00eancia de Fomento do Estado de Mato Grosso.<\/li><\/ul><p>\u00a0<\/p>\t\t\t\t\t\t\t\t<\/div>\n\t\t\t\t<\/div>\n\t\t\t\t\t<\/div>\n\t\t\t\t<\/div>\n\t\t<div class=\"elementor-element elementor-element-1d306d4 e-flex e-con-boxed e-con e-parent\" data-id=\"1d306d4\" data-element_type=\"container\">\n\t\t\t\t\t<div class=\"e-con-inner\">\n\t\t<div class=\"elementor-element elementor-element-75ae004 e-con-full e-flex e-con e-child\" data-id=\"75ae004\" data-element_type=\"container\">\n\t\t\t\t<\/div>\n\t\t\t\t\t<\/div>\n\t\t\t\t<\/div>\n\t\t\t\t<\/div>\n\t\t","protected":false},"excerpt":{"rendered":"<p>FINAME \u00c9 o financiamento, por interm\u00e9dio de institui\u00e7\u00f5es financeiras credenciadas, para produ\u00e7\u00e3o e aquisi\u00e7\u00e3o de m\u00e1quinas e equipamentos novos, de fabrica\u00e7\u00e3o nacional, credenciados no BNDES. O Finame \u00e9 um produto BNDES e divide-se em Linhas de Financiamento, com objetivos e condi\u00e7\u00f5es financeiras espec\u00edficas, para melhor atender as demandas dos clientes, de acordo com a empresa [&hellip;]<\/p>\n","protected":false},"author":1,"featured_media":0,"parent":0,"menu_order":0,"comment_status":"closed","ping_status":"closed","template":"elementor_header_footer","meta":{"footnotes":""},"class_list":["post-2431","page","type-page","status-publish","hentry"],"yoast_head":"<!-- This site is optimized with the Yoast SEO plugin v25.6 - https:\/\/yoast.com\/wordpress\/plugins\/seo\/ -->\n<title>FINAME - Telem\u00e1tica Sistemas Inteligentes<\/title>\n<meta name=\"description\" content=\"Financiamento, para produ\u00e7\u00e3o e aquisi\u00e7\u00e3o de m\u00e1quinas e equipamentos novos, de fabrica\u00e7\u00e3o nacional, credenciados no BNDES.\" \/>\n<meta name=\"robots\" content=\"index, follow, max-snippet:-1, max-image-preview:large, max-video-preview:-1\" \/>\n<link rel=\"canonical\" href=\"https:\/\/homologacao.stadiebit.com.br\/telematica\/finame\/\" \/>\n<meta property=\"og:locale\" content=\"pt_BR\" \/>\n<meta property=\"og:type\" content=\"article\" \/>\n<meta property=\"og:title\" content=\"FINAME - Telem\u00e1tica Sistemas Inteligentes\" \/>\n<meta property=\"og:description\" content=\"Financiamento, para produ\u00e7\u00e3o e aquisi\u00e7\u00e3o de m\u00e1quinas e equipamentos novos, de fabrica\u00e7\u00e3o nacional, credenciados no BNDES.\" \/>\n<meta property=\"og:url\" content=\"https:\/\/homologacao.stadiebit.com.br\/telematica\/finame\/\" \/>\n<meta property=\"og:site_name\" content=\"Telem\u00e1tica Sistemas Inteligentes\" \/>\n<meta property=\"article:publisher\" content=\"https:\/\/www.facebook.com\/TelematicaSistemasInteligentes\/\" \/>\n<meta property=\"article:modified_time\" content=\"2024-02-08T13:15:46+00:00\" \/>\n<meta name=\"twitter:card\" content=\"summary_large_image\" \/>\n<meta name=\"twitter:site\" content=\"@Telematica_TSI\" \/>\n<meta name=\"twitter:label1\" content=\"Est. tempo de leitura\" \/>\n\t<meta name=\"twitter:data1\" content=\"3 minutos\" \/>\n<script type=\"application\/ld+json\" class=\"yoast-schema-graph\">{\"@context\":\"https:\/\/schema.org\",\"@graph\":[{\"@type\":\"WebPage\",\"@id\":\"https:\/\/homologacao.stadiebit.com.br\/telematica\/finame\/\",\"url\":\"https:\/\/homologacao.stadiebit.com.br\/telematica\/finame\/\",\"name\":\"FINAME - Telem\u00e1tica Sistemas Inteligentes\",\"isPartOf\":{\"@id\":\"https:\/\/homologacao.stadiebit.com.br\/telematica\/#website\"},\"datePublished\":\"2024-02-01T21:12:53+00:00\",\"dateModified\":\"2024-02-08T13:15:46+00:00\",\"description\":\"Financiamento, para produ\u00e7\u00e3o e aquisi\u00e7\u00e3o de m\u00e1quinas e equipamentos novos, de fabrica\u00e7\u00e3o nacional, credenciados no BNDES.\",\"breadcrumb\":{\"@id\":\"https:\/\/homologacao.stadiebit.com.br\/telematica\/finame\/#breadcrumb\"},\"inLanguage\":\"pt-BR\",\"potentialAction\":[{\"@type\":\"ReadAction\",\"target\":[\"https:\/\/homologacao.stadiebit.com.br\/telematica\/finame\/\"]}]},{\"@type\":\"BreadcrumbList\",\"@id\":\"https:\/\/homologacao.stadiebit.com.br\/telematica\/finame\/#breadcrumb\",\"itemListElement\":[{\"@type\":\"ListItem\",\"position\":1,\"name\":\"In\u00edcio\",\"item\":\"https:\/\/homologacao.stadiebit.com.br\/telematica\/\"},{\"@type\":\"ListItem\",\"position\":2,\"name\":\"FINAME\"}]},{\"@type\":\"WebSite\",\"@id\":\"https:\/\/homologacao.stadiebit.com.br\/telematica\/#website\",\"url\":\"https:\/\/homologacao.stadiebit.com.br\/telematica\/\",\"name\":\"Telem\u00e1tica Sistemas Inteligentes\",\"description\":\"A Telem\u00e1tica Sistemas Inteligentes oferece ao mercado profissionais qualificados para cria\u00e7\u00e3o de projetos de Seguridade.\",\"publisher\":{\"@id\":\"https:\/\/homologacao.stadiebit.com.br\/telematica\/#organization\"},\"alternateName\":\"TSI\",\"potentialAction\":[{\"@type\":\"SearchAction\",\"target\":{\"@type\":\"EntryPoint\",\"urlTemplate\":\"https:\/\/homologacao.stadiebit.com.br\/telematica\/?s={search_term_string}\"},\"query-input\":{\"@type\":\"PropertyValueSpecification\",\"valueRequired\":true,\"valueName\":\"search_term_string\"}}],\"inLanguage\":\"pt-BR\"},{\"@type\":\"Organization\",\"@id\":\"https:\/\/homologacao.stadiebit.com.br\/telematica\/#organization\",\"name\":\"Telem\u00e1tica Sistemas Inteligentes\",\"url\":\"https:\/\/homologacao.stadiebit.com.br\/telematica\/\",\"logo\":{\"@type\":\"ImageObject\",\"inLanguage\":\"pt-BR\",\"@id\":\"https:\/\/homologacao.stadiebit.com.br\/telematica\/#\/schema\/logo\/image\/\",\"url\":\"https:\/\/00r2e9.p3cdn1.secureserver.net\/wp-content\/uploads\/2024\/01\/Prancheta-1logo-instagram.png?time=1705067488\",\"contentUrl\":\"https:\/\/00r2e9.p3cdn1.secureserver.net\/wp-content\/uploads\/2024\/01\/Prancheta-1logo-instagram.png?time=1705067488\",\"width\":2309,\"height\":693,\"caption\":\"Telem\u00e1tica Sistemas Inteligentes\"},\"image\":{\"@id\":\"https:\/\/homologacao.stadiebit.com.br\/telematica\/#\/schema\/logo\/image\/\"},\"sameAs\":[\"https:\/\/www.facebook.com\/TelematicaSistemasInteligentes\/\",\"https:\/\/x.com\/Telematica_TSI\",\"https:\/\/www.linkedin.com\/company\/telem-tica-sistemas-inteligentes\/\",\"https:\/\/www.instagram.com\/telematica_tsi\/\",\"https:\/\/www.youtube.com\/channel\/UCCumE0b5kbIXt4uf9lf86IA\/videos?app=desktop\"]}]}<\/script>\n<!-- \/ Yoast SEO plugin. -->","yoast_head_json":{"title":"FINAME - Telem\u00e1tica Sistemas Inteligentes","description":"Financiamento, para produ\u00e7\u00e3o e aquisi\u00e7\u00e3o de m\u00e1quinas e equipamentos novos, de fabrica\u00e7\u00e3o nacional, credenciados no BNDES.","robots":{"index":"index","follow":"follow","max-snippet":"max-snippet:-1","max-image-preview":"max-image-preview:large","max-video-preview":"max-video-preview:-1"},"canonical":"https:\/\/homologacao.stadiebit.com.br\/telematica\/finame\/","og_locale":"pt_BR","og_type":"article","og_title":"FINAME - Telem\u00e1tica Sistemas Inteligentes","og_description":"Financiamento, para produ\u00e7\u00e3o e aquisi\u00e7\u00e3o de m\u00e1quinas e equipamentos novos, de fabrica\u00e7\u00e3o nacional, credenciados no BNDES.","og_url":"https:\/\/homologacao.stadiebit.com.br\/telematica\/finame\/","og_site_name":"Telem\u00e1tica Sistemas Inteligentes","article_publisher":"https:\/\/www.facebook.com\/TelematicaSistemasInteligentes\/","article_modified_time":"2024-02-08T13:15:46+00:00","twitter_card":"summary_large_image","twitter_site":"@Telematica_TSI","twitter_misc":{"Est. tempo de leitura":"3 minutos"},"schema":{"@context":"https:\/\/schema.org","@graph":[{"@type":"WebPage","@id":"https:\/\/homologacao.stadiebit.com.br\/telematica\/finame\/","url":"https:\/\/homologacao.stadiebit.com.br\/telematica\/finame\/","name":"FINAME - Telem\u00e1tica Sistemas Inteligentes","isPartOf":{"@id":"https:\/\/homologacao.stadiebit.com.br\/telematica\/#website"},"datePublished":"2024-02-01T21:12:53+00:00","dateModified":"2024-02-08T13:15:46+00:00","description":"Financiamento, para produ\u00e7\u00e3o e aquisi\u00e7\u00e3o de m\u00e1quinas e equipamentos novos, de fabrica\u00e7\u00e3o nacional, credenciados no BNDES.","breadcrumb":{"@id":"https:\/\/homologacao.stadiebit.com.br\/telematica\/finame\/#breadcrumb"},"inLanguage":"pt-BR","potentialAction":[{"@type":"ReadAction","target":["https:\/\/homologacao.stadiebit.com.br\/telematica\/finame\/"]}]},{"@type":"BreadcrumbList","@id":"https:\/\/homologacao.stadiebit.com.br\/telematica\/finame\/#breadcrumb","itemListElement":[{"@type":"ListItem","position":1,"name":"In\u00edcio","item":"https:\/\/homologacao.stadiebit.com.br\/telematica\/"},{"@type":"ListItem","position":2,"name":"FINAME"}]},{"@type":"WebSite","@id":"https:\/\/homologacao.stadiebit.com.br\/telematica\/#website","url":"https:\/\/homologacao.stadiebit.com.br\/telematica\/","name":"Telem\u00e1tica Sistemas Inteligentes","description":"A Telem\u00e1tica Sistemas Inteligentes oferece ao mercado profissionais qualificados para cria\u00e7\u00e3o de projetos de Seguridade.","publisher":{"@id":"https:\/\/homologacao.stadiebit.com.br\/telematica\/#organization"},"alternateName":"TSI","potentialAction":[{"@type":"SearchAction","target":{"@type":"EntryPoint","urlTemplate":"https:\/\/homologacao.stadiebit.com.br\/telematica\/?s={search_term_string}"},"query-input":{"@type":"PropertyValueSpecification","valueRequired":true,"valueName":"search_term_string"}}],"inLanguage":"pt-BR"},{"@type":"Organization","@id":"https:\/\/homologacao.stadiebit.com.br\/telematica\/#organization","name":"Telem\u00e1tica Sistemas Inteligentes","url":"https:\/\/homologacao.stadiebit.com.br\/telematica\/","logo":{"@type":"ImageObject","inLanguage":"pt-BR","@id":"https:\/\/homologacao.stadiebit.com.br\/telematica\/#\/schema\/logo\/image\/","url":"https:\/\/00r2e9.p3cdn1.secureserver.net\/wp-content\/uploads\/2024\/01\/Prancheta-1logo-instagram.png?time=1705067488","contentUrl":"https:\/\/00r2e9.p3cdn1.secureserver.net\/wp-content\/uploads\/2024\/01\/Prancheta-1logo-instagram.png?time=1705067488","width":2309,"height":693,"caption":"Telem\u00e1tica Sistemas Inteligentes"},"image":{"@id":"https:\/\/homologacao.stadiebit.com.br\/telematica\/#\/schema\/logo\/image\/"},"sameAs":["https:\/\/www.facebook.com\/TelematicaSistemasInteligentes\/","https:\/\/x.com\/Telematica_TSI","https:\/\/www.linkedin.com\/company\/telem-tica-sistemas-inteligentes\/","https:\/\/www.instagram.com\/telematica_tsi\/","https:\/\/www.youtube.com\/channel\/UCCumE0b5kbIXt4uf9lf86IA\/videos?app=desktop"]}]}},"_links":{"self":[{"href":"https:\/\/homologacao.stadiebit.com.br\/telematica\/wp-json\/wp\/v2\/pages\/2431","targetHints":{"allow":["GET"]}}],"collection":[{"href":"https:\/\/homologacao.stadiebit.com.br\/telematica\/wp-json\/wp\/v2\/pages"}],"about":[{"href":"https:\/\/homologacao.stadiebit.com.br\/telematica\/wp-json\/wp\/v2\/types\/page"}],"author":[{"embeddable":true,"href":"https:\/\/homologacao.stadiebit.com.br\/telematica\/wp-json\/wp\/v2\/users\/1"}],"replies":[{"embeddable":true,"href":"https:\/\/homologacao.stadiebit.com.br\/telematica\/wp-json\/wp\/v2\/comments?post=2431"}],"version-history":[{"count":0,"href":"https:\/\/homologacao.stadiebit.com.br\/telematica\/wp-json\/wp\/v2\/pages\/2431\/revisions"}],"wp:attachment":[{"href":"https:\/\/homologacao.stadiebit.com.br\/telematica\/wp-json\/wp\/v2\/media?parent=2431"}],"curies":[{"name":"wp","href":"https:\/\/api.w.org\/{rel}","templated":true}]}}