{"id":3501,"date":"2024-07-11T19:30:04","date_gmt":"2024-07-11T19:30:04","guid":{"rendered":"https:\/\/homologacao.stadiebit.com.br\/telematica\/?page_id=3501"},"modified":"2024-07-11T22:31:09","modified_gmt":"2024-07-11T22:31:09","slug":"compliance","status":"publish","type":"page","link":"https:\/\/homologacao.stadiebit.com.br\/telematica\/compliance\/","title":{"rendered":"COMPLIANCE"},"content":{"rendered":"\t\t<div data-elementor-type=\"wp-page\" data-elementor-id=\"3501\" class=\"elementor elementor-3501\" data-elementor-post-type=\"page\">\n\t\t\t\t<div class=\"elementor-element elementor-element-861e90a e-flex e-con-boxed e-con e-parent\" data-id=\"861e90a\" data-element_type=\"container\" data-settings=\"{&quot;background_background&quot;:&quot;classic&quot;}\">\n\t\t\t\t\t<div class=\"e-con-inner\">\n\t\t\t\t<div class=\"elementor-element elementor-element-d567db8 elementor-widget elementor-widget-spacer\" data-id=\"d567db8\" data-element_type=\"widget\" data-widget_type=\"spacer.default\">\n\t\t\t\t<div class=\"elementor-widget-container\">\n\t\t\t\t\t\t\t<div class=\"elementor-spacer\">\n\t\t\t<div class=\"elementor-spacer-inner\"><\/div>\n\t\t<\/div>\n\t\t\t\t\t\t<\/div>\n\t\t\t\t<\/div>\n\t\t\t\t<div class=\"elementor-element elementor-element-e1a955d elementor-widget elementor-widget-heading\" data-id=\"e1a955d\" data-element_type=\"widget\" data-widget_type=\"heading.default\">\n\t\t\t\t<div class=\"elementor-widget-container\">\n\t\t\t\t\t<h2 class=\"elementor-heading-title elementor-size-default\">Compliance<\/h2>\t\t\t\t<\/div>\n\t\t\t\t<\/div>\n\t\t\t\t<div class=\"elementor-element elementor-element-441be6f elementor-widget elementor-widget-spacer\" data-id=\"441be6f\" data-element_type=\"widget\" data-widget_type=\"spacer.default\">\n\t\t\t\t<div class=\"elementor-widget-container\">\n\t\t\t\t\t\t\t<div class=\"elementor-spacer\">\n\t\t\t<div class=\"elementor-spacer-inner\"><\/div>\n\t\t<\/div>\n\t\t\t\t\t\t<\/div>\n\t\t\t\t<\/div>\n\t\t\t\t\t<\/div>\n\t\t\t\t<\/div>\n\t\t<div class=\"elementor-element elementor-element-9e1e469 e-flex e-con-boxed e-con e-parent\" data-id=\"9e1e469\" data-element_type=\"container\">\n\t\t\t\t\t<div class=\"e-con-inner\">\n\t\t\t\t<div class=\"elementor-element elementor-element-524ca1ca elementor-widget elementor-widget-spacer\" data-id=\"524ca1ca\" data-element_type=\"widget\" data-widget_type=\"spacer.default\">\n\t\t\t\t<div class=\"elementor-widget-container\">\n\t\t\t\t\t\t\t<div class=\"elementor-spacer\">\n\t\t\t<div class=\"elementor-spacer-inner\"><\/div>\n\t\t<\/div>\n\t\t\t\t\t\t<\/div>\n\t\t\t\t<\/div>\n\t\t\t\t<div class=\"elementor-element elementor-element-52b992e elementor-widget elementor-widget-breadcrumbs\" data-id=\"52b992e\" data-element_type=\"widget\" data-widget_type=\"breadcrumbs.default\">\n\t\t\t\t<div class=\"elementor-widget-container\">\n\t\t\t\t\t<p id=\"breadcrumbs\"><span><span><a href=\"https:\/\/homologacao.stadiebit.com.br\/telematica\/\">In\u00edcio<\/a><\/span><\/span><\/p>\t\t\t\t<\/div>\n\t\t\t\t<\/div>\n\t\t\t\t<div class=\"elementor-element elementor-element-908a8e0 elementor-widget-divider--view-line elementor-widget elementor-widget-divider\" data-id=\"908a8e0\" data-element_type=\"widget\" data-widget_type=\"divider.default\">\n\t\t\t\t<div class=\"elementor-widget-container\">\n\t\t\t\t\t\t\t<div class=\"elementor-divider\">\n\t\t\t<span class=\"elementor-divider-separator\">\n\t\t\t\t\t\t<\/span>\n\t\t<\/div>\n\t\t\t\t\t\t<\/div>\n\t\t\t\t<\/div>\n\t\t\t\t<div class=\"elementor-element elementor-element-7154e6c elementor-widget elementor-widget-spacer\" data-id=\"7154e6c\" data-element_type=\"widget\" data-widget_type=\"spacer.default\">\n\t\t\t\t<div class=\"elementor-widget-container\">\n\t\t\t\t\t\t\t<div class=\"elementor-spacer\">\n\t\t\t<div class=\"elementor-spacer-inner\"><\/div>\n\t\t<\/div>\n\t\t\t\t\t\t<\/div>\n\t\t\t\t<\/div>\n\t\t\t\t\t<\/div>\n\t\t\t\t<\/div>\n\t\t<div class=\"elementor-element elementor-element-3f36bb1 e-flex e-con-boxed e-con e-parent\" data-id=\"3f36bb1\" data-element_type=\"container\">\n\t\t\t\t\t<div class=\"e-con-inner\">\n\t\t\t\t<div class=\"elementor-element elementor-element-c262076 elementor-widget elementor-widget-heading\" data-id=\"c262076\" data-element_type=\"widget\" data-widget_type=\"heading.default\">\n\t\t\t\t<div class=\"elementor-widget-container\">\n\t\t\t\t\t<h2 class=\"elementor-heading-title elementor-size-default\">A Telem\u00e1tica tem o compromisso com pr\u00e1ticas de combate \u00e0 corrup\u00e7\u00e3o em todos os n\u00edveis\n<\/h2>\t\t\t\t<\/div>\n\t\t\t\t<\/div>\n\t\t\t\t<div class=\"elementor-element elementor-element-38a35f9 elementor-widget__width-initial elementor-widget elementor-widget-text-editor\" data-id=\"38a35f9\" data-element_type=\"widget\" data-widget_type=\"text-editor.default\">\n\t\t\t\t<div class=\"elementor-widget-container\">\n\t\t\t\t\t\t\t\t\t<p>O Programa Global de Compliance TSIPG foi concebido como uma ferramenta para refor\u00e7ar o compromisso da TSI com os mais elevados padr\u00f5es \u00e9ticos, legais e profissionais para o aprimoramento e preserva\u00e7\u00e3o da reputa\u00e7\u00e3o do Grupo. Para este fim, o programa estabelece uma s\u00e9rie de medidas preventivas relativas \u00e0 responsabilidade criminal corporativa.<\/p>\t\t\t\t\t\t\t\t<\/div>\n\t\t\t\t<\/div>\n\t\t\t\t<div class=\"elementor-element elementor-element-9033cc1 elementor-widget elementor-widget-button\" data-id=\"9033cc1\" data-element_type=\"widget\" data-widget_type=\"button.default\">\n\t\t\t\t<div class=\"elementor-widget-container\">\n\t\t\t\t\t\t\t\t\t<div class=\"elementor-button-wrapper\">\n\t\t\t\t\t<a class=\"elementor-button elementor-button-link elementor-size-sm\" href=\"https:\/\/homologacao.stadiebit.com.br\/telematica\/download\/3509\/?tmstv=1720736290\" target=\"_blank\">\n\t\t\t\t\t\t<span class=\"elementor-button-content-wrapper\">\n\t\t\t\t\t\t\t\t\t<span class=\"elementor-button-text\">Conhe\u00e7a nosso Programa de Integridade e Compliance<\/span>\n\t\t\t\t\t<\/span>\n\t\t\t\t\t<\/a>\n\t\t\t\t<\/div>\n\t\t\t\t\t\t\t\t<\/div>\n\t\t\t\t<\/div>\n\t\t\t\t<div class=\"elementor-element elementor-element-7b2cf29 elementor-widget elementor-widget-text-editor\" data-id=\"7b2cf29\" data-element_type=\"widget\" data-widget_type=\"text-editor.default\">\n\t\t\t\t<div class=\"elementor-widget-container\">\n\t\t\t\t\t\t\t\t\t<p><strong>Comunica\u00e7\u00e3o \u2013 Den\u00fancias \/ Elogios ou Reclama\u00e7\u00f5es<\/strong><br \/>Contate-nos pelos canais abaixo.<\/p><p>Preservamos a integridade e sigilo das informa\u00e7\u00f5es. N\u00e3o \u00e9 necessario se identificar.<\/p><p>Atendimento a colaboradores e terceiros<\/p><p>E-mail: ouvidoria@homologacao.stadiebit.com.br\/telematica<\/p><p>Telefone SP: (11) 3933-6363<\/p><p>Liga\u00e7\u00e3o Gratuita: 0800 7730 0773<\/p><p>\u00a0<\/p><p>Ou preencha o formul\u00e1rio abaixo<\/p>\t\t\t\t\t\t\t\t<\/div>\n\t\t\t\t<\/div>\n\t\t\t\t\t<\/div>\n\t\t\t\t<\/div>\n\t\t<div class=\"elementor-element elementor-element-7d0c9af0 e-flex e-con-boxed e-con e-parent\" data-id=\"7d0c9af0\" data-element_type=\"container\">\n\t\t\t\t\t<div class=\"e-con-inner\">\n\t\t\t\t\t<\/div>\n\t\t\t\t<\/div>\n\t\t\t\t<\/div>\n\t\t","protected":false},"excerpt":{"rendered":"<p>Compliance A Telem\u00e1tica tem o compromisso com pr\u00e1ticas de combate \u00e0 corrup\u00e7\u00e3o em todos os n\u00edveis O Programa Global de Compliance TSIPG foi concebido como uma ferramenta para refor\u00e7ar o compromisso da TSI com os mais elevados padr\u00f5es \u00e9ticos, legais e profissionais para o aprimoramento e preserva\u00e7\u00e3o da reputa\u00e7\u00e3o do Grupo. Para este fim, o [&hellip;]<\/p>\n","protected":false},"author":3,"featured_media":0,"parent":0,"menu_order":0,"comment_status":"closed","ping_status":"closed","template":"elementor_header_footer","meta":{"footnotes":""},"class_list":["post-3501","page","type-page","status-publish","hentry"],"yoast_head":"<!-- This site is optimized with the Yoast SEO plugin v25.6 - https:\/\/yoast.com\/wordpress\/plugins\/seo\/ -->\n<title>COMPLIANCE - Telem\u00e1tica Sistemas Inteligentes<\/title>\n<meta name=\"robots\" content=\"index, follow, max-snippet:-1, max-image-preview:large, max-video-preview:-1\" \/>\n<link rel=\"canonical\" href=\"https:\/\/homologacao.stadiebit.com.br\/telematica\/compliance\/\" \/>\n<meta property=\"og:locale\" content=\"pt_BR\" \/>\n<meta property=\"og:type\" content=\"article\" \/>\n<meta property=\"og:title\" content=\"COMPLIANCE - Telem\u00e1tica Sistemas Inteligentes\" \/>\n<meta property=\"og:description\" content=\"Compliance A Telem\u00e1tica tem o compromisso com pr\u00e1ticas de combate \u00e0 corrup\u00e7\u00e3o em todos os n\u00edveis O Programa Global de Compliance TSIPG foi concebido como uma ferramenta para refor\u00e7ar o compromisso da TSI com os mais elevados padr\u00f5es \u00e9ticos, legais e profissionais para o aprimoramento e preserva\u00e7\u00e3o da reputa\u00e7\u00e3o do Grupo. Para este fim, o [&hellip;]\" \/>\n<meta property=\"og:url\" content=\"https:\/\/homologacao.stadiebit.com.br\/telematica\/compliance\/\" \/>\n<meta property=\"og:site_name\" content=\"Telem\u00e1tica Sistemas Inteligentes\" \/>\n<meta property=\"article:publisher\" content=\"https:\/\/www.facebook.com\/TelematicaSistemasInteligentes\/\" \/>\n<meta property=\"article:modified_time\" content=\"2024-07-11T22:31:09+00:00\" \/>\n<meta name=\"twitter:card\" content=\"summary_large_image\" \/>\n<meta name=\"twitter:site\" content=\"@Telematica_TSI\" \/>\n<meta name=\"twitter:label1\" content=\"Est. tempo de leitura\" \/>\n\t<meta name=\"twitter:data1\" content=\"1 minuto\" \/>\n<script type=\"application\/ld+json\" class=\"yoast-schema-graph\">{\"@context\":\"https:\/\/schema.org\",\"@graph\":[{\"@type\":\"WebPage\",\"@id\":\"https:\/\/homologacao.stadiebit.com.br\/telematica\/compliance\/\",\"url\":\"https:\/\/homologacao.stadiebit.com.br\/telematica\/compliance\/\",\"name\":\"COMPLIANCE - Telem\u00e1tica Sistemas Inteligentes\",\"isPartOf\":{\"@id\":\"https:\/\/homologacao.stadiebit.com.br\/telematica\/#website\"},\"datePublished\":\"2024-07-11T19:30:04+00:00\",\"dateModified\":\"2024-07-11T22:31:09+00:00\",\"breadcrumb\":{\"@id\":\"https:\/\/homologacao.stadiebit.com.br\/telematica\/compliance\/#breadcrumb\"},\"inLanguage\":\"pt-BR\",\"potentialAction\":[{\"@type\":\"ReadAction\",\"target\":[\"https:\/\/homologacao.stadiebit.com.br\/telematica\/compliance\/\"]}]},{\"@type\":\"BreadcrumbList\",\"@id\":\"https:\/\/homologacao.stadiebit.com.br\/telematica\/compliance\/#breadcrumb\",\"itemListElement\":[{\"@type\":\"ListItem\",\"position\":1,\"name\":\"In\u00edcio\",\"item\":\"https:\/\/homologacao.stadiebit.com.br\/telematica\/\"},{\"@type\":\"ListItem\",\"position\":2,\"name\":\"COMPLIANCE\"}]},{\"@type\":\"WebSite\",\"@id\":\"https:\/\/homologacao.stadiebit.com.br\/telematica\/#website\",\"url\":\"https:\/\/homologacao.stadiebit.com.br\/telematica\/\",\"name\":\"Telem\u00e1tica Sistemas Inteligentes\",\"description\":\"A Telem\u00e1tica Sistemas Inteligentes oferece ao mercado profissionais qualificados para cria\u00e7\u00e3o de projetos de Seguridade.\",\"publisher\":{\"@id\":\"https:\/\/homologacao.stadiebit.com.br\/telematica\/#organization\"},\"alternateName\":\"TSI\",\"potentialAction\":[{\"@type\":\"SearchAction\",\"target\":{\"@type\":\"EntryPoint\",\"urlTemplate\":\"https:\/\/homologacao.stadiebit.com.br\/telematica\/?s={search_term_string}\"},\"query-input\":{\"@type\":\"PropertyValueSpecification\",\"valueRequired\":true,\"valueName\":\"search_term_string\"}}],\"inLanguage\":\"pt-BR\"},{\"@type\":\"Organization\",\"@id\":\"https:\/\/homologacao.stadiebit.com.br\/telematica\/#organization\",\"name\":\"Telem\u00e1tica Sistemas Inteligentes\",\"url\":\"https:\/\/homologacao.stadiebit.com.br\/telematica\/\",\"logo\":{\"@type\":\"ImageObject\",\"inLanguage\":\"pt-BR\",\"@id\":\"https:\/\/homologacao.stadiebit.com.br\/telematica\/#\/schema\/logo\/image\/\",\"url\":\"https:\/\/00r2e9.p3cdn1.secureserver.net\/wp-content\/uploads\/2024\/01\/Prancheta-1logo-instagram.png?time=1705067488\",\"contentUrl\":\"https:\/\/00r2e9.p3cdn1.secureserver.net\/wp-content\/uploads\/2024\/01\/Prancheta-1logo-instagram.png?time=1705067488\",\"width\":2309,\"height\":693,\"caption\":\"Telem\u00e1tica Sistemas Inteligentes\"},\"image\":{\"@id\":\"https:\/\/homologacao.stadiebit.com.br\/telematica\/#\/schema\/logo\/image\/\"},\"sameAs\":[\"https:\/\/www.facebook.com\/TelematicaSistemasInteligentes\/\",\"https:\/\/x.com\/Telematica_TSI\",\"https:\/\/www.linkedin.com\/company\/telem-tica-sistemas-inteligentes\/\",\"https:\/\/www.instagram.com\/telematica_tsi\/\",\"https:\/\/www.youtube.com\/channel\/UCCumE0b5kbIXt4uf9lf86IA\/videos?app=desktop\"]}]}<\/script>\n<!-- \/ Yoast SEO plugin. -->","yoast_head_json":{"title":"COMPLIANCE - Telem\u00e1tica Sistemas Inteligentes","robots":{"index":"index","follow":"follow","max-snippet":"max-snippet:-1","max-image-preview":"max-image-preview:large","max-video-preview":"max-video-preview:-1"},"canonical":"https:\/\/homologacao.stadiebit.com.br\/telematica\/compliance\/","og_locale":"pt_BR","og_type":"article","og_title":"COMPLIANCE - Telem\u00e1tica Sistemas Inteligentes","og_description":"Compliance A Telem\u00e1tica tem o compromisso com pr\u00e1ticas de combate \u00e0 corrup\u00e7\u00e3o em todos os n\u00edveis O Programa Global de Compliance TSIPG foi concebido como uma ferramenta para refor\u00e7ar o compromisso da TSI com os mais elevados padr\u00f5es \u00e9ticos, legais e profissionais para o aprimoramento e preserva\u00e7\u00e3o da reputa\u00e7\u00e3o do Grupo. Para este fim, o [&hellip;]","og_url":"https:\/\/homologacao.stadiebit.com.br\/telematica\/compliance\/","og_site_name":"Telem\u00e1tica Sistemas Inteligentes","article_publisher":"https:\/\/www.facebook.com\/TelematicaSistemasInteligentes\/","article_modified_time":"2024-07-11T22:31:09+00:00","twitter_card":"summary_large_image","twitter_site":"@Telematica_TSI","twitter_misc":{"Est. tempo de leitura":"1 minuto"},"schema":{"@context":"https:\/\/schema.org","@graph":[{"@type":"WebPage","@id":"https:\/\/homologacao.stadiebit.com.br\/telematica\/compliance\/","url":"https:\/\/homologacao.stadiebit.com.br\/telematica\/compliance\/","name":"COMPLIANCE - Telem\u00e1tica Sistemas Inteligentes","isPartOf":{"@id":"https:\/\/homologacao.stadiebit.com.br\/telematica\/#website"},"datePublished":"2024-07-11T19:30:04+00:00","dateModified":"2024-07-11T22:31:09+00:00","breadcrumb":{"@id":"https:\/\/homologacao.stadiebit.com.br\/telematica\/compliance\/#breadcrumb"},"inLanguage":"pt-BR","potentialAction":[{"@type":"ReadAction","target":["https:\/\/homologacao.stadiebit.com.br\/telematica\/compliance\/"]}]},{"@type":"BreadcrumbList","@id":"https:\/\/homologacao.stadiebit.com.br\/telematica\/compliance\/#breadcrumb","itemListElement":[{"@type":"ListItem","position":1,"name":"In\u00edcio","item":"https:\/\/homologacao.stadiebit.com.br\/telematica\/"},{"@type":"ListItem","position":2,"name":"COMPLIANCE"}]},{"@type":"WebSite","@id":"https:\/\/homologacao.stadiebit.com.br\/telematica\/#website","url":"https:\/\/homologacao.stadiebit.com.br\/telematica\/","name":"Telem\u00e1tica Sistemas Inteligentes","description":"A Telem\u00e1tica Sistemas Inteligentes oferece ao mercado profissionais qualificados para cria\u00e7\u00e3o de projetos de Seguridade.","publisher":{"@id":"https:\/\/homologacao.stadiebit.com.br\/telematica\/#organization"},"alternateName":"TSI","potentialAction":[{"@type":"SearchAction","target":{"@type":"EntryPoint","urlTemplate":"https:\/\/homologacao.stadiebit.com.br\/telematica\/?s={search_term_string}"},"query-input":{"@type":"PropertyValueSpecification","valueRequired":true,"valueName":"search_term_string"}}],"inLanguage":"pt-BR"},{"@type":"Organization","@id":"https:\/\/homologacao.stadiebit.com.br\/telematica\/#organization","name":"Telem\u00e1tica Sistemas Inteligentes","url":"https:\/\/homologacao.stadiebit.com.br\/telematica\/","logo":{"@type":"ImageObject","inLanguage":"pt-BR","@id":"https:\/\/homologacao.stadiebit.com.br\/telematica\/#\/schema\/logo\/image\/","url":"https:\/\/00r2e9.p3cdn1.secureserver.net\/wp-content\/uploads\/2024\/01\/Prancheta-1logo-instagram.png?time=1705067488","contentUrl":"https:\/\/00r2e9.p3cdn1.secureserver.net\/wp-content\/uploads\/2024\/01\/Prancheta-1logo-instagram.png?time=1705067488","width":2309,"height":693,"caption":"Telem\u00e1tica Sistemas Inteligentes"},"image":{"@id":"https:\/\/homologacao.stadiebit.com.br\/telematica\/#\/schema\/logo\/image\/"},"sameAs":["https:\/\/www.facebook.com\/TelematicaSistemasInteligentes\/","https:\/\/x.com\/Telematica_TSI","https:\/\/www.linkedin.com\/company\/telem-tica-sistemas-inteligentes\/","https:\/\/www.instagram.com\/telematica_tsi\/","https:\/\/www.youtube.com\/channel\/UCCumE0b5kbIXt4uf9lf86IA\/videos?app=desktop"]}]}},"_links":{"self":[{"href":"https:\/\/homologacao.stadiebit.com.br\/telematica\/wp-json\/wp\/v2\/pages\/3501","targetHints":{"allow":["GET"]}}],"collection":[{"href":"https:\/\/homologacao.stadiebit.com.br\/telematica\/wp-json\/wp\/v2\/pages"}],"about":[{"href":"https:\/\/homologacao.stadiebit.com.br\/telematica\/wp-json\/wp\/v2\/types\/page"}],"author":[{"embeddable":true,"href":"https:\/\/homologacao.stadiebit.com.br\/telematica\/wp-json\/wp\/v2\/users\/3"}],"replies":[{"embeddable":true,"href":"https:\/\/homologacao.stadiebit.com.br\/telematica\/wp-json\/wp\/v2\/comments?post=3501"}],"version-history":[{"count":16,"href":"https:\/\/homologacao.stadiebit.com.br\/telematica\/wp-json\/wp\/v2\/pages\/3501\/revisions"}],"predecessor-version":[{"id":3525,"href":"https:\/\/homologacao.stadiebit.com.br\/telematica\/wp-json\/wp\/v2\/pages\/3501\/revisions\/3525"}],"wp:attachment":[{"href":"https:\/\/homologacao.stadiebit.com.br\/telematica\/wp-json\/wp\/v2\/media?parent=3501"}],"curies":[{"name":"wp","href":"https:\/\/api.w.org\/{rel}","templated":true}]}}